{"id":4517,"date":"2025-04-10T16:34:58","date_gmt":"2025-04-10T14:34:58","guid":{"rendered":"https:\/\/uborasolar.com\/blog\/"},"modified":"2025-07-01T08:13:15","modified_gmt":"2025-07-01T06:13:15","slug":"blog","status":"publish","type":"page","link":"https:\/\/uborasolar.com\/de\/blog\/","title":{"rendered":"Blog"},"content":{"rendered":"\t\t<div data-elementor-type=\"wp-page\" data-elementor-id=\"4517\" class=\"elementor elementor-4517 elementor-2443\" data-elementor-post-type=\"page\">\n\t\t\t\t<div class=\"elementor-element elementor-element-69233d3 e-flex e-con-boxed e-con e-parent\" data-id=\"69233d3\" data-element_type=\"container\" data-e-type=\"container\" data-settings=\"{&quot;background_background&quot;:&quot;classic&quot;}\">\n\t\t\t\t\t<div class=\"e-con-inner\">\n\t\t\t\t<div class=\"elementor-element elementor-element-10818d9 elementor-widget elementor-widget-heading\" data-id=\"10818d9\" data-element_type=\"widget\" data-e-type=\"widget\" data-widget_type=\"heading.default\">\n\t\t\t\t<div class=\"elementor-widget-container\">\n\t\t\t\t\t<h2 class=\"elementor-heading-title elementor-size-default\">Blog<\/h2>\t\t\t\t<\/div>\n\t\t\t\t<\/div>\n\t\t\t\t<div class=\"elementor-element elementor-element-bbaac05 elementor-grid-3 elementor-grid-tablet-2 elementor-grid-mobile-1 elementor-posts--thumbnail-top elementor-widget elementor-widget-posts\" data-id=\"bbaac05\" data-element_type=\"widget\" data-e-type=\"widget\" data-settings=\"{&quot;pagination_type&quot;:&quot;load_more_infinite_scroll&quot;,&quot;classic_columns&quot;:&quot;3&quot;,&quot;classic_columns_tablet&quot;:&quot;2&quot;,&quot;classic_columns_mobile&quot;:&quot;1&quot;,&quot;classic_row_gap&quot;:{&quot;unit&quot;:&quot;px&quot;,&quot;size&quot;:35,&quot;sizes&quot;:[]},&quot;classic_row_gap_tablet&quot;:{&quot;unit&quot;:&quot;px&quot;,&quot;size&quot;:&quot;&quot;,&quot;sizes&quot;:[]},&quot;classic_row_gap_mobile&quot;:{&quot;unit&quot;:&quot;px&quot;,&quot;size&quot;:&quot;&quot;,&quot;sizes&quot;:[]},&quot;load_more_spinner&quot;:{&quot;value&quot;:&quot;fas fa-spinner&quot;,&quot;library&quot;:&quot;fa-solid&quot;}}\" data-widget_type=\"posts.classic\">\n\t\t\t\t<div class=\"elementor-widget-container\">\n\t\t\t\t\t\t\t<div class=\"elementor-posts-container elementor-posts elementor-posts--skin-classic elementor-grid\" role=\"list\">\n\t\t\t\t<article class=\"elementor-post elementor-grid-item post-8052 post type-post status-publish format-standard has-post-thumbnail hentry category-sin-categorizar-de tag-arten-von-solarwechselrichtern tag-dreiphasiger-wechselrichter tag-einphasiger-wechselrichter tag-energieeffizienz tag-energieoptimierung tag-fotovoltaikanlage tag-hybrid-wechselrichter tag-industrieller-eigenverbrauch tag-mikro-wechselrichter tag-mppt tag-photovoltaik-wechselrichter tag-photovoltaische-leistung tag-privater-eigenverbrauch tag-solar-wechselrichter tag-solarbatterien tag-solarer-eigenverbrauch tag-solaruberwachung tag-solarwechselrichter tag-sonnenenergie tag-sonnenkollektoren\" role=\"listitem\">\n\t\t\t\t<a class=\"elementor-post__thumbnail__link\" href=\"https:\/\/uborasolar.com\/de\/solarwechselrichter-ein-vollstaendiger-leitfaden-zur-auswahl-des-richtigen-wechselrichters-fuer-ihre-anlage\/\" tabindex=\"-1\" >\n\t\t\t<div class=\"elementor-post__thumbnail\"><img fetchpriority=\"high\" decoding=\"async\" width=\"1024\" height=\"358\" src=\"https:\/\/uborasolar.com\/wp-content\/uploads\/2026\/04\/inversor-solar-instalacion-residencial-1024x358.jpg\" class=\"attachment-large size-large wp-image-8012\" alt=\"Instalaci\u00f3n de inversores solares en vivienda con sistema fotovoltaico y paneles solares para autoconsumo\" srcset=\"https:\/\/uborasolar.com\/wp-content\/uploads\/2026\/04\/inversor-solar-instalacion-residencial-1024x358.jpg 1024w, https:\/\/uborasolar.com\/wp-content\/uploads\/2026\/04\/inversor-solar-instalacion-residencial-300x105.jpg 300w, https:\/\/uborasolar.com\/wp-content\/uploads\/2026\/04\/inversor-solar-instalacion-residencial-768x269.jpg 768w, https:\/\/uborasolar.com\/wp-content\/uploads\/2026\/04\/inversor-solar-instalacion-residencial.jpg 1500w\" sizes=\"(max-width: 1024px) 100vw, 1024px\" \/><\/div>\n\t\t<\/a>\n\t\t\t\t<div class=\"elementor-post__text\">\n\t\t\t\t<h3 class=\"elementor-post__title\">\n\t\t\t<a href=\"https:\/\/uborasolar.com\/de\/solarwechselrichter-ein-vollstaendiger-leitfaden-zur-auswahl-des-richtigen-wechselrichters-fuer-ihre-anlage\/\" >\n\t\t\t\tSolarwechselrichter: Ein vollst\u00e4ndiger Leitfaden zur Auswahl des richtigen Wechselrichters f\u00fcr Ihre Anlage\t\t\t<\/a>\n\t\t<\/h3>\n\t\t\t\t<div class=\"elementor-post__meta-data\">\n\t\t\t\t\t<span class=\"elementor-post-date\">\n\t\t\t28. April 2026\t\t<\/span>\n\t\t\t\t<\/div>\n\t\t\t\t<div class=\"elementor-post__excerpt\">\n\t\t\t<p>Wenn wir an eine Photovoltaikanlage denken, kommen uns in der Regel als erstes die Solarmodule in den Sinn. Das ist normal: Sie sind der sichtbarste Teil des Systems und f\u00fcr das Einfangen der Sonneneinstrahlung verantwortlich. Es gibt jedoch noch eine<\/p>\n\t\t<\/div>\n\t\t\n\t\t<a class=\"elementor-post__read-more\" href=\"https:\/\/uborasolar.com\/de\/solarwechselrichter-ein-vollstaendiger-leitfaden-zur-auswahl-des-richtigen-wechselrichters-fuer-ihre-anlage\/\" aria-label=\"Read more about Solarwechselrichter: Ein vollst\u00e4ndiger Leitfaden zur Auswahl des richtigen Wechselrichters f\u00fcr Ihre Anlage\" tabindex=\"-1\" >\n\t\t\tMehr lesen \u00bb\t\t<\/a>\n\n\t\t\t\t<\/div>\n\t\t\t\t<\/article>\n\t\t\t\t<article class=\"elementor-post elementor-grid-item post-7974 post type-post status-publish format-standard has-post-thumbnail hentry category-sin-categorizar-de tag-ac-kopplung tag-batterien-fur-sonnenkollektoren tag-dc-kopplung tag-energiespeicherung tag-haus-solar-batterie tag-hybrid-wechselrichter tag-selbstverzehr tag-solarbatterien tag-solarunterstutzung tag-sonnenenergie\" role=\"listitem\">\n\t\t\t\t<a class=\"elementor-post__thumbnail__link\" href=\"https:\/\/uborasolar.com\/de\/fuer-welche-solarbatterie-entscheiden-sie-sich-im-jahr-2026-vollstaendiger-leitfaden\/\" tabindex=\"-1\" >\n\t\t\t<div class=\"elementor-post__thumbnail\"><img decoding=\"async\" width=\"1024\" height=\"358\" src=\"https:\/\/uborasolar.com\/wp-content\/uploads\/2026\/04\/guia-baterias-solares-2026-1024x358.jpg\" class=\"attachment-large size-large wp-image-7960\" alt=\"Tipos de bater\u00edas para placas solares: AC coupling vs DC coupling en instalaci\u00f3n fotovoltaica con backup\" srcset=\"https:\/\/uborasolar.com\/wp-content\/uploads\/2026\/04\/guia-baterias-solares-2026-1024x358.jpg 1024w, https:\/\/uborasolar.com\/wp-content\/uploads\/2026\/04\/guia-baterias-solares-2026-300x105.jpg 300w, https:\/\/uborasolar.com\/wp-content\/uploads\/2026\/04\/guia-baterias-solares-2026-768x269.jpg 768w, https:\/\/uborasolar.com\/wp-content\/uploads\/2026\/04\/guia-baterias-solares-2026.jpg 1500w\" sizes=\"(max-width: 1024px) 100vw, 1024px\" \/><\/div>\n\t\t<\/a>\n\t\t\t\t<div class=\"elementor-post__text\">\n\t\t\t\t<h3 class=\"elementor-post__title\">\n\t\t\t<a href=\"https:\/\/uborasolar.com\/de\/fuer-welche-solarbatterie-entscheiden-sie-sich-im-jahr-2026-vollstaendiger-leitfaden\/\" >\n\t\t\t\tF\u00fcr welche Solarbatterie entscheiden Sie sich im Jahr 2026? Vollst\u00e4ndiger Leitfaden\t\t\t<\/a>\n\t\t<\/h3>\n\t\t\t\t<div class=\"elementor-post__meta-data\">\n\t\t\t\t\t<span class=\"elementor-post-date\">\n\t\t\t6. April 2026\t\t<\/span>\n\t\t\t\t<\/div>\n\t\t\t\t<div class=\"elementor-post__excerpt\">\n\t\t\t<p>Immer mehr Menschen suchen nach Batterien f\u00fcr Solarmodule, und zwar aus einem ganz einfachen Grund: Es reicht nicht aus, Sonnenenergie zu produzieren, man muss auch wissen, wie man sie speichert, verwaltet und gut nutzt. Wer heute eine Batterie installiert, will<\/p>\n\t\t<\/div>\n\t\t\n\t\t<a class=\"elementor-post__read-more\" href=\"https:\/\/uborasolar.com\/de\/fuer-welche-solarbatterie-entscheiden-sie-sich-im-jahr-2026-vollstaendiger-leitfaden\/\" aria-label=\"Read more about F\u00fcr welche Solarbatterie entscheiden Sie sich im Jahr 2026? Vollst\u00e4ndiger Leitfaden\" tabindex=\"-1\" >\n\t\t\tMehr lesen \u00bb\t\t<\/a>\n\n\t\t\t\t<\/div>\n\t\t\t\t<\/article>\n\t\t\t\t<article class=\"elementor-post elementor-grid-item post-7780 post type-post status-publish format-standard has-post-thumbnail hentry category-sin-categorizar-de tag-arten-von-sonnenkollektoren tag-bestes-solarmodul-fur-unternehmen tag-bestes-solarmodul-fur-zuhause tag-bifaziales-solarpanel tag-degradierung-von-solarmodulen tag-industrielle-photovoltaikanlage tag-leistung-des-solarmoduls tag-mikrorisse-im-solarpanel tag-photovoltaik-stringwechselrichter tag-photovoltaikanlage-fur-wohngebaude tag-solar-mikro-wechselrichter tag-solarmodul-ruckkontakt tag-solarmodul-garantie-25-jahre tag-solarpanel-glas-glas tag-solarpanel-hotspot tag-sonnenkollektoren-2026 tag-temperaturkoeffizient-des-solarmoduls tag-topcon-technologie tag-wie-sie-ein-solarmodul-auswahlen tag-wirkungsgrad-von-solarmodulen\" role=\"listitem\">\n\t\t\t\t<a class=\"elementor-post__thumbnail__link\" href=\"https:\/\/uborasolar.com\/de\/leitfaden-fuer-solarmodule-2026-wie-sie-das-richtige-modul-fuer-ihr-haus-oder-ihr-unternehmen-auswaehlen\/\" tabindex=\"-1\" >\n\t\t\t<div class=\"elementor-post__thumbnail\"><img decoding=\"async\" width=\"1024\" height=\"358\" src=\"https:\/\/uborasolar.com\/wp-content\/uploads\/2026\/02\/paneles-solares-full-black-instalacion-residencial-espana-2026-1024x358.jpg\" class=\"attachment-large size-large wp-image-7711\" alt=\"Paneles solares full black instalados en cubierta residencial en Espa\u00f1a al atardecer\" srcset=\"https:\/\/uborasolar.com\/wp-content\/uploads\/2026\/02\/paneles-solares-full-black-instalacion-residencial-espana-2026-1024x358.jpg 1024w, https:\/\/uborasolar.com\/wp-content\/uploads\/2026\/02\/paneles-solares-full-black-instalacion-residencial-espana-2026-300x105.jpg 300w, https:\/\/uborasolar.com\/wp-content\/uploads\/2026\/02\/paneles-solares-full-black-instalacion-residencial-espana-2026-768x269.jpg 768w, https:\/\/uborasolar.com\/wp-content\/uploads\/2026\/02\/paneles-solares-full-black-instalacion-residencial-espana-2026.jpg 1500w\" sizes=\"(max-width: 1024px) 100vw, 1024px\" \/><\/div>\n\t\t<\/a>\n\t\t\t\t<div class=\"elementor-post__text\">\n\t\t\t\t<h3 class=\"elementor-post__title\">\n\t\t\t<a href=\"https:\/\/uborasolar.com\/de\/leitfaden-fuer-solarmodule-2026-wie-sie-das-richtige-modul-fuer-ihr-haus-oder-ihr-unternehmen-auswaehlen\/\" >\n\t\t\t\tLeitfaden f\u00fcr Solarmodule 2026: Wie Sie das richtige Modul f\u00fcr Ihr Haus oder Ihr Unternehmen ausw\u00e4hlen\t\t\t<\/a>\n\t\t<\/h3>\n\t\t\t\t<div class=\"elementor-post__meta-data\">\n\t\t\t\t\t<span class=\"elementor-post-date\">\n\t\t\t27. Februar 2026\t\t<\/span>\n\t\t\t\t<\/div>\n\t\t\t\t<div class=\"elementor-post__excerpt\">\n\t\t\t<p>Bei der Auswahl eines Solarmoduls geht es nicht darum, Zahlen auf einem Datenblatt zu vergleichen oder das Modell mit der h\u00f6chsten Wattzahl zu w\u00e4hlen. Dies ist wahrscheinlich die h\u00e4ufigste Vereinfachung &#8211; und auch der h\u00e4ufigste Fehler &#8211; wenn jemand die<\/p>\n\t\t<\/div>\n\t\t\n\t\t<a class=\"elementor-post__read-more\" href=\"https:\/\/uborasolar.com\/de\/leitfaden-fuer-solarmodule-2026-wie-sie-das-richtige-modul-fuer-ihr-haus-oder-ihr-unternehmen-auswaehlen\/\" aria-label=\"Read more about Leitfaden f\u00fcr Solarmodule 2026: Wie Sie das richtige Modul f\u00fcr Ihr Haus oder Ihr Unternehmen ausw\u00e4hlen\" tabindex=\"-1\" >\n\t\t\tMehr lesen \u00bb\t\t<\/a>\n\n\t\t\t\t<\/div>\n\t\t\t\t<\/article>\n\t\t\t\t<article class=\"elementor-post elementor-grid-item post-7683 post type-post status-publish format-standard has-post-thumbnail hentry category-sin-categorizar-de tag-aerotermia tag-aerothermie-fur-wohnhauser tag-aerothermie-in-malaga tag-effiziente-klimatisierung tag-energieeffizienz tag-energieverbrauch-der-aerothermie tag-heizung-und-kuhlung tag-warmepumpe\" role=\"listitem\">\n\t\t\t\t<a class=\"elementor-post__thumbnail__link\" href=\"https:\/\/uborasolar.com\/de\/was-ist-aerothermie-und-warum-spricht-jeder-darueber\/\" tabindex=\"-1\" >\n\t\t\t<div class=\"elementor-post__thumbnail\"><img loading=\"lazy\" decoding=\"async\" width=\"1024\" height=\"358\" src=\"https:\/\/uborasolar.com\/wp-content\/uploads\/2026\/02\/aerotermia-hogar-climatizacion-eficiente-1024x358.jpg\" class=\"attachment-large size-large wp-image-7644\" alt=\"Familia disfrutando del confort t\u00e9rmico en una vivienda climatizada con aerotermia en M\u00e1laga\" srcset=\"https:\/\/uborasolar.com\/wp-content\/uploads\/2026\/02\/aerotermia-hogar-climatizacion-eficiente-1024x358.jpg 1024w, https:\/\/uborasolar.com\/wp-content\/uploads\/2026\/02\/aerotermia-hogar-climatizacion-eficiente-300x105.jpg 300w, https:\/\/uborasolar.com\/wp-content\/uploads\/2026\/02\/aerotermia-hogar-climatizacion-eficiente-768x269.jpg 768w, https:\/\/uborasolar.com\/wp-content\/uploads\/2026\/02\/aerotermia-hogar-climatizacion-eficiente.jpg 1500w\" sizes=\"(max-width: 1024px) 100vw, 1024px\" \/><\/div>\n\t\t<\/a>\n\t\t\t\t<div class=\"elementor-post__text\">\n\t\t\t\t<h3 class=\"elementor-post__title\">\n\t\t\t<a href=\"https:\/\/uborasolar.com\/de\/was-ist-aerothermie-und-warum-spricht-jeder-darueber\/\" >\n\t\t\t\tWas ist Aerothermie und warum spricht jeder dar\u00fcber?\t\t\t<\/a>\n\t\t<\/h3>\n\t\t\t\t<div class=\"elementor-post__meta-data\">\n\t\t\t\t\t<span class=\"elementor-post-date\">\n\t\t\t6. Februar 2026\t\t<\/span>\n\t\t\t\t<\/div>\n\t\t\t\t<div class=\"elementor-post__excerpt\">\n\t\t\t<p>Wenn du diesen Artikel liest, suchst du wahrscheinlich schon seit einiger Zeit nach Informationen \u00fcber Aerothermie in M\u00e1laga oder \u00fcber W\u00e4rmepumpen und m\u00f6chtest wissen, ob diese Technologie wirklich eine gute L\u00f6sung f\u00fcr dein Zuhause ist. Das ist v\u00f6llig normal. Aerothermie<\/p>\n\t\t<\/div>\n\t\t\n\t\t<a class=\"elementor-post__read-more\" href=\"https:\/\/uborasolar.com\/de\/was-ist-aerothermie-und-warum-spricht-jeder-darueber\/\" aria-label=\"Read more about Was ist Aerothermie und warum spricht jeder dar\u00fcber?\" tabindex=\"-1\" >\n\t\t\tMehr lesen \u00bb\t\t<\/a>\n\n\t\t\t\t<\/div>\n\t\t\t\t<\/article>\n\t\t\t\t<article class=\"elementor-post elementor-grid-item post-7500 post type-post status-publish format-standard has-post-thumbnail hentry category-sin-categorizar-de\" role=\"listitem\">\n\t\t\t\t<a class=\"elementor-post__thumbnail__link\" href=\"https:\/\/uborasolar.com\/de\/wie-der-strommarkt-in-spanien-funktioniert-und-warum-sich-der-strompreis-veraendert\/\" tabindex=\"-1\" >\n\t\t\t<div class=\"elementor-post__thumbnail\"><img loading=\"lazy\" decoding=\"async\" width=\"1024\" height=\"358\" src=\"https:\/\/uborasolar.com\/wp-content\/uploads\/2026\/01\/mercado-electrico-espana-renovables-precio-luz-1024x358.jpg\" class=\"attachment-large size-large wp-image-7491\" alt=\"Parque de energ\u00edas renovables en Espa\u00f1a que representa c\u00f3mo funciona el mercado el\u00e9ctrico y la formaci\u00f3n del precio de la luz\" srcset=\"https:\/\/uborasolar.com\/wp-content\/uploads\/2026\/01\/mercado-electrico-espana-renovables-precio-luz-1024x358.jpg 1024w, https:\/\/uborasolar.com\/wp-content\/uploads\/2026\/01\/mercado-electrico-espana-renovables-precio-luz-300x105.jpg 300w, https:\/\/uborasolar.com\/wp-content\/uploads\/2026\/01\/mercado-electrico-espana-renovables-precio-luz-768x269.jpg 768w, https:\/\/uborasolar.com\/wp-content\/uploads\/2026\/01\/mercado-electrico-espana-renovables-precio-luz.jpg 1500w\" sizes=\"(max-width: 1024px) 100vw, 1024px\" \/><\/div>\n\t\t<\/a>\n\t\t\t\t<div class=\"elementor-post__text\">\n\t\t\t\t<h3 class=\"elementor-post__title\">\n\t\t\t<a href=\"https:\/\/uborasolar.com\/de\/wie-der-strommarkt-in-spanien-funktioniert-und-warum-sich-der-strompreis-veraendert\/\" >\n\t\t\t\tWie der Strommarkt in Spanien funktioniert und warum sich der Strompreis ver\u00e4ndert\t\t\t<\/a>\n\t\t<\/h3>\n\t\t\t\t<div class=\"elementor-post__meta-data\">\n\t\t\t\t\t<span class=\"elementor-post-date\">\n\t\t\t15. Januar 2026\t\t<\/span>\n\t\t\t\t<\/div>\n\t\t\t\t<div class=\"elementor-post__excerpt\">\n\t\t\t<p>Zu verstehen, wie der Strommarkt in Spanien funktioniert, ist entscheidend, um nachzuvollziehen, warum der Strompreis selbst an Tagen mit viel Sonne oder Wind steigen kann.F\u00fcr viele Verbraucher wirkt diese Situation unlogisch: Wenn g\u00fcnstige erneuerbare Energien Strom erzeugen, warum zahlen wir<\/p>\n\t\t<\/div>\n\t\t\n\t\t<a class=\"elementor-post__read-more\" href=\"https:\/\/uborasolar.com\/de\/wie-der-strommarkt-in-spanien-funktioniert-und-warum-sich-der-strompreis-veraendert\/\" aria-label=\"Read more about Wie der Strommarkt in Spanien funktioniert und warum sich der Strompreis ver\u00e4ndert\" tabindex=\"-1\" >\n\t\t\tMehr lesen \u00bb\t\t<\/a>\n\n\t\t\t\t<\/div>\n\t\t\t\t<\/article>\n\t\t\t\t<article class=\"elementor-post elementor-grid-item post-7345 post type-post status-publish format-standard has-post-thumbnail hentry category-sin-categorizar-de tag-installation-von-solarmodulen tag-irpf-steuerabzug-fur-solarmodule tag-photovoltaik-eigenverbrauch-2025 tag-steuerersparnis-durch-solarenergie tag-steuerliche-vorteile-der-photovoltaik\" role=\"listitem\">\n\t\t\t\t<a class=\"elementor-post__thumbnail__link\" href=\"https:\/\/uborasolar.com\/de\/nutze-den-irpf-steuerabzug-fuer-die-installation-von-solarmodulen-bis-zum-31-dezember-2025\/\" tabindex=\"-1\" >\n\t\t\t<div class=\"elementor-post__thumbnail\"><img loading=\"lazy\" decoding=\"async\" width=\"1024\" height=\"358\" src=\"https:\/\/uborasolar.com\/wp-content\/uploads\/2025\/11\/deduccion-irpf-placas-solares-2025-ubora-solar-1024x358.jpg\" class=\"attachment-large size-large wp-image-7338\" alt=\"Instalaci\u00f3n de paneles solares en vivienda con deducci\u00f3n IRPF hasta 2025 \u2013 Ubora\" srcset=\"https:\/\/uborasolar.com\/wp-content\/uploads\/2025\/11\/deduccion-irpf-placas-solares-2025-ubora-solar-1024x358.jpg 1024w, https:\/\/uborasolar.com\/wp-content\/uploads\/2025\/11\/deduccion-irpf-placas-solares-2025-ubora-solar-300x105.jpg 300w, https:\/\/uborasolar.com\/wp-content\/uploads\/2025\/11\/deduccion-irpf-placas-solares-2025-ubora-solar-768x269.jpg 768w, https:\/\/uborasolar.com\/wp-content\/uploads\/2025\/11\/deduccion-irpf-placas-solares-2025-ubora-solar.jpg 1500w\" sizes=\"(max-width: 1024px) 100vw, 1024px\" \/><\/div>\n\t\t<\/a>\n\t\t\t\t<div class=\"elementor-post__text\">\n\t\t\t\t<h3 class=\"elementor-post__title\">\n\t\t\t<a href=\"https:\/\/uborasolar.com\/de\/nutze-den-irpf-steuerabzug-fuer-die-installation-von-solarmodulen-bis-zum-31-dezember-2025\/\" >\n\t\t\t\tNutze den IRPF-Steuerabzug f\u00fcr die Installation von Solarmodulen bis zum 31. Dezember 2025\t\t\t<\/a>\n\t\t<\/h3>\n\t\t\t\t<div class=\"elementor-post__meta-data\">\n\t\t\t\t\t<span class=\"elementor-post-date\">\n\t\t\t12. November 2025\t\t<\/span>\n\t\t\t\t<\/div>\n\t\t\t\t<div class=\"elementor-post__excerpt\">\n\t\t\t<p>Der IRPF-Steuerabzug f\u00fcr Solarmodule ist eine der besten M\u00f6glichkeiten, bei deiner Photovoltaikanlage zu sparen und weniger in deiner n\u00e4chsten Steuererkl\u00e4rung zu zahlen.Die Zeit l\u00e4uft jedoch: Du kannst diesen Vorteil nur nutzen, wenn deine Installation vor dem 31. Dezember 2025 abgeschlossen<\/p>\n\t\t<\/div>\n\t\t\n\t\t<a class=\"elementor-post__read-more\" href=\"https:\/\/uborasolar.com\/de\/nutze-den-irpf-steuerabzug-fuer-die-installation-von-solarmodulen-bis-zum-31-dezember-2025\/\" aria-label=\"Read more about Nutze den IRPF-Steuerabzug f\u00fcr die Installation von Solarmodulen bis zum 31. Dezember 2025\" tabindex=\"-1\" >\n\t\t\tMehr lesen \u00bb\t\t<\/a>\n\n\t\t\t\t<\/div>\n\t\t\t\t<\/article>\n\t\t\t\t<\/div>\n\t\t\t\t\t<span class=\"e-load-more-spinner\">\n\t\t\t\t<svg aria-hidden=\"true\" class=\"e-font-icon-svg e-fas-spinner\" viewBox=\"0 0 512 512\" xmlns=\"http:\/\/www.w3.org\/2000\/svg\"><path d=\"M304 48c0 26.51-21.49 48-48 48s-48-21.49-48-48 21.49-48 48-48 48 21.49 48 48zm-48 368c-26.51 0-48 21.49-48 48s21.49 48 48 48 48-21.49 48-48-21.49-48-48-48zm208-208c-26.51 0-48 21.49-48 48s21.49 48 48 48 48-21.49 48-48-21.49-48-48-48zM96 256c0-26.51-21.49-48-48-48S0 229.49 0 256s21.49 48 48 48 48-21.49 48-48zm12.922 99.078c-26.51 0-48 21.49-48 48s21.49 48 48 48 48-21.49 48-48c0-26.509-21.491-48-48-48zm294.156 0c-26.51 0-48 21.49-48 48s21.49 48 48 48 48-21.49 48-48c0-26.509-21.49-48-48-48zM108.922 60.922c-26.51 0-48 21.49-48 48s21.49 48 48 48 48-21.49 48-48-21.491-48-48-48z\"><\/path><\/svg>\t\t\t<\/span>\n\t\t\n\t\t\t\t<div class=\"e-load-more-anchor\" data-page=\"1\" data-max-page=\"5\" data-next-page=\"https:\/\/uborasolar.com\/de\/wp-json\/wp\/v2\/pages\/4517\/page\/2\/\"><\/div>\n\t\t\t\t<div class=\"e-load-more-message\"><\/div>\n\t\t\t\t\t\t<\/div>\n\t\t\t\t<\/div>\n\t\t\t\t\t<\/div>\n\t\t\t\t<\/div>\n\t\t\t\t<\/div>\n\t\t","protected":false},"excerpt":{"rendered":"<p>Blog<\/p>\n","protected":false},"author":1,"featured_media":0,"parent":0,"menu_order":0,"comment_status":"closed","ping_status":"closed","template":"elementor_header_footer","meta":{"footnotes":""},"class_list":["post-4517","page","type-page","status-publish","hentry"],"_links":{"self":[{"href":"https:\/\/uborasolar.com\/de\/wp-json\/wp\/v2\/pages\/4517","targetHints":{"allow":["GET"]}}],"collection":[{"href":"https:\/\/uborasolar.com\/de\/wp-json\/wp\/v2\/pages"}],"about":[{"href":"https:\/\/uborasolar.com\/de\/wp-json\/wp\/v2\/types\/page"}],"author":[{"embeddable":true,"href":"https:\/\/uborasolar.com\/de\/wp-json\/wp\/v2\/users\/1"}],"replies":[{"embeddable":true,"href":"https:\/\/uborasolar.com\/de\/wp-json\/wp\/v2\/comments?post=4517"}],"version-history":[{"count":0,"href":"https:\/\/uborasolar.com\/de\/wp-json\/wp\/v2\/pages\/4517\/revisions"}],"wp:attachment":[{"href":"https:\/\/uborasolar.com\/de\/wp-json\/wp\/v2\/media?parent=4517"}],"curies":[{"name":"wp","href":"https:\/\/api.w.org\/{rel}","templated":true}]}}