{"id":5074,"date":"2025-06-17T20:46:34","date_gmt":"2025-06-17T18:46:34","guid":{"rendered":"https:\/\/uborasolar.com\/verbrauchsrechner\/"},"modified":"2025-07-07T15:29:58","modified_gmt":"2025-07-07T13:29:58","slug":"verbrauchsrechner","status":"publish","type":"page","link":"https:\/\/uborasolar.com\/de\/verbrauchsrechner\/","title":{"rendered":"Verbrauchsrechner"},"content":{"rendered":"\t\t<div data-elementor-type=\"wp-page\" data-elementor-id=\"5074\" class=\"elementor elementor-5074 elementor-5047\" data-elementor-post-type=\"page\">\n\t\t\t\t<div class=\"elementor-element elementor-element-31732b1 e-flex e-con-boxed e-con e-parent\" data-id=\"31732b1\" data-element_type=\"container\" data-e-type=\"container\" data-settings=\"{&quot;background_background&quot;:&quot;classic&quot;}\">\n\t\t\t\t\t<div class=\"e-con-inner\">\n\t\t<div class=\"elementor-element elementor-element-d05d662 e-con-full e-flex e-con e-child\" data-id=\"d05d662\" data-element_type=\"container\" data-e-type=\"container\">\n\t\t\t\t<div class=\"elementor-element elementor-element-fc2baa5 elementor-widget elementor-widget-heading\" data-id=\"fc2baa5\" data-element_type=\"widget\" data-e-type=\"widget\" data-widget_type=\"heading.default\">\n\t\t\t\t<div class=\"elementor-widget-container\">\n\t\t\t\t\t<div class=\"elementor-heading-title elementor-size-default\">Solarrechner<\/div>\t\t\t\t<\/div>\n\t\t\t\t<\/div>\n\t\t\t\t<div class=\"elementor-element elementor-element-75670c3 text-balance elementor-widget elementor-widget-heading\" data-id=\"75670c3\" data-element_type=\"widget\" data-e-type=\"widget\" data-settings=\"{&quot;_animation&quot;:&quot;none&quot;,&quot;_animation_delay&quot;:300}\" data-widget_type=\"heading.default\">\n\t\t\t\t<div class=\"elementor-widget-container\">\n\t\t\t\t\t<div class=\"elementor-heading-title elementor-size-default\">Berechnen Sie Ihre Amortisationszeit in weniger als 60 Sekunden<\/div>\t\t\t\t<\/div>\n\t\t\t\t<\/div>\n\t\t\t\t<div class=\"elementor-element elementor-element-4e3a4a7 elementor-widget elementor-widget-html\" data-id=\"4e3a4a7\" data-element_type=\"widget\" data-e-type=\"widget\" data-widget_type=\"html.default\">\n\t\t\t\t<div class=\"elementor-widget-container\">\n\t\t\t\t\t<script>jQuery( document ).ready(function() {\nvar slider = document.getElementById(\"facturamensual\");\n\n\/*var output = document.getElementById(\"demo\");*\/\n\nfunction updateGradient(rangeValue) {\n  const percentage = (rangeValue - slider.min) \/ (slider.max - slider.min) * 100;\n  slider.style.backgroundImage = `linear-gradient(to right, #CA367F 0%, #3B6AF2  ${percentage}%, rgb(214, 214, 215) 44.4444%, rgb(214, 214, 215) ${percentage}%)`;\n}\n\nupdateGradient(slider.value);\n\nslider.addEventListener('input', (e) => {\n\/*  output.innerHTML = e.target.value;*\/\n  updateGradient(e.target.value);\n});\n\nupdateSliderTrack();\n            jQuery('#facturamensual').on('input', function () {\n                updateSliderTrack();\n            });\n\nfunction updateSliderTrack() {\n            var slider = jQuery('#facturamensual');\n            var value = slider.val();\n\n            monthlyConsumption = value;\n            var anualConsumption = monthlyConsumption * 12;\n            var anualCost = anualConsumption * 0.279;\n\n\n            \/\/ Format the number with thousand separators\n            var formatter = new Intl.NumberFormat('es-ES', {\n                minimumFractionDigits: 0, \/\/ No decimal places\n            });\n            var formattedAnualCost = formatter.format(anualCost);\n\n            \/\/ Updating the slider background\n            var percentage = (value - slider.attr('min')) \/ (slider.attr('max') - slider.attr('min')) * 100;\n            var gradient = 'linear-gradient(to right, #CA367F 0%, #0071FF ' + percentage + '%, #D6D6D7 ' + percentage + '%, #D6D6D7 100%)';\n            slider.css('background', gradient);\n\n            \/\/ Update figures on the page\n            jQuery('.consumo_mensual span').text(value + 'kWh');\n            jQuery('.consumo_anual span').text(anualConsumption + 'kWh');\n            jQuery('.coste_anual span').text(formattedAnualCost + '\u20ac');\n            \n            jQuery('input[name=\"consumoMensual\"]').val(value + 'kWh');\n            jQuery('input[name=\"consumoAnual\"]').val(anualConsumption + 'kWh');\n            jQuery('input[name=\"costoAnual\"]').val(formattedAnualCost + '\u20ac');\n            \n        }\n\njQuery('.wpcf7-radio .wpcf7-list-item').on('click', function() {\n    jQuery('.wpcf7-radio .wpcf7-list-item').removeClass('act_');\n    jQuery(this).toggleClass('act_');\n});\n\njQuery('select[name=\"DondeVivesAndalucia\"]').on('change', function() {\n  jQuery('.ubicacion_').text(this.value);\n});\n\njQuery('select[name=\"DondeVivesNoAndalucia\"]').on('change', function() {\n  jQuery('.ubicacion_').text(this.value);\n});\n\n});\n<\/script>\t\t\t\t<\/div>\n\t\t\t\t<\/div>\n\t\t\t\t<\/div>\n\t\t<div class=\"elementor-element elementor-element-cd47ff9 e-con-full e-flex e-con e-child\" data-id=\"cd47ff9\" data-element_type=\"container\" data-e-type=\"container\">\n\t\t\t\t<div class=\"elementor-element elementor-element-8c24c12 elementor-widget elementor-widget-shortcode\" data-id=\"8c24c12\" data-element_type=\"widget\" data-e-type=\"widget\" data-widget_type=\"shortcode.default\">\n\t\t\t\t<div class=\"elementor-widget-container\">\n\t\t\t\t\t\t\t<div class=\"elementor-shortcode\">\n<div class=\"wpcf7 no-js\" id=\"wpcf7-f5092-o1\" lang=\"de-DE\" dir=\"ltr\" data-wpcf7-id=\"5092\">\n<div class=\"screen-reader-response\"><p role=\"status\" aria-live=\"polite\" aria-atomic=\"true\"><\/p> <ul><\/ul><\/div>\n<form action=\"\/de\/wp-json\/wp\/v2\/pages\/5074#wpcf7-f5092-o1\" method=\"post\" class=\"wpcf7-form init cf7mls-no-scroll cf7mls-auto-return-first-step cf7mls-no-moving-animation\" aria-label=\"Kontaktformular\" novalidate=\"novalidate\" data-status=\"init\">\n<fieldset class=\"hidden-fields-container\"><input type=\"hidden\" name=\"_wpcf7\" value=\"5092\" \/><input type=\"hidden\" name=\"_wpcf7_version\" value=\"6.1.5\" \/><input type=\"hidden\" name=\"_wpcf7_locale\" value=\"de_DE\" \/><input type=\"hidden\" name=\"_wpcf7_unit_tag\" value=\"wpcf7-f5092-o1\" \/><input type=\"hidden\" name=\"_wpcf7_container_post\" value=\"0\" \/><input type=\"hidden\" name=\"_wpcf7_posted_data_hash\" value=\"\" \/>\n<\/fieldset>\n<div class=\"fieldset-cf7mls-wrapper\" data-transition-effects><fieldset class=\"fieldset-cf7mls cf7mls_current_fs\"><input class=\"wpcf7-form-control wpcf7-hidden\" value=\"\" type=\"hidden\" name=\"consumoMensual\" \/> <input class=\"wpcf7-form-control wpcf7-hidden\" value=\"\" type=\"hidden\" name=\"consumoAnual\" \/> <input class=\"wpcf7-form-control wpcf7-hidden\" value=\"\" type=\"hidden\" name=\"costoAnual\" \/>\n\n<div class=\"tit_paso\">Schritt 1 - <b>Standort<\/b><\/div>\n\n<label> Wo wohnst du? \n <span class=\"wpcf7-form-control-wrap\" data-name=\"DondeVivesNoAndalucia\"><select class=\"wpcf7-form-control wpcf7-select wpcf7-validates-as-required\" aria-required=\"true\" aria-invalid=\"false\" name=\"DondeVivesNoAndalucia\"><option value=\"--Bitte w\u00e4hlen Sie eine Option--\">--Bitte w\u00e4hlen Sie eine Option--<\/option><option value=\"Coru\u00f1a\">Coru\u00f1a<\/option><option value=\"\u00c1lava\">\u00c1lava<\/option><option value=\"Albacete\">Albacete<\/option><option value=\"Alicante\">Alicante<\/option><option value=\"Asturias\">Asturias<\/option><option value=\"\u00c1vila\">\u00c1vila<\/option><option value=\"Badajoz\">Badajoz<\/option><option value=\"Barcelona\">Barcelona<\/option><option value=\"Burgos\">Burgos<\/option><option value=\"C\u00e1ceres\">C\u00e1ceres<\/option><option value=\"Cantabria\">Cantabria<\/option><option value=\"Castell\u00f3n\">Castell\u00f3n<\/option><option value=\"Ceuta\">Ceuta<\/option><option value=\"Ciudad Real\">Ciudad Real<\/option><option value=\"Cuenca\">Cuenca<\/option><option value=\"Girona\">Girona<\/option><option value=\"Guadalajara\">Guadalajara<\/option><option value=\"Guip\u00fazcoa\">Guip\u00fazcoa<\/option><option value=\"Huesca\">Huesca<\/option><option value=\"Islas Baleares\">Islas Baleares<\/option><option value=\"La Rioja\">La Rioja<\/option><option value=\"Las Palmas\">Las Palmas<\/option><option value=\"Le\u00f3n\">Le\u00f3n<\/option><option value=\"Lleida\">Lleida<\/option><option value=\"Lugo\">Lugo<\/option><option value=\"Madrid\">Madrid<\/option><option value=\"Melilla\">Melilla<\/option><option value=\"Murcia\">Murcia<\/option><option value=\"Navarra\">Navarra<\/option><option value=\"Ourense\">Ourense<\/option><option value=\"Palencia\">Palencia<\/option><option value=\"Pontevedra\">Pontevedra<\/option><option value=\"Salamanca\">Salamanca<\/option><option value=\"Santa Cruz de Tenerife\">Santa Cruz de Tenerife<\/option><option value=\"Segovia\">Segovia<\/option><option value=\"Soria\">Soria<\/option><option value=\"Tarragona\">Tarragona<\/option><option value=\"Teruel\">Teruel<\/option><option value=\"Toledo\">Toledo<\/option><option value=\"Valencia\">Valencia<\/option><option value=\"Valladolid\">Valladolid<\/option><option value=\"Vizcaya\">Vizcaya<\/option><option value=\"Zamora\">Zamora<\/option><option value=\"Zaragoza\">Zaragoza<\/option><\/select><\/span>  <\/label>\n\n<label> Um welche Art von Haus handelt es sich?\n<span class=\"wpcf7-form-control-wrap\" data-name=\"select-988\"><select class=\"wpcf7-form-control wpcf7-select\" aria-invalid=\"false\" name=\"select-988\"><option value=\"Bitte w\u00e4hlen Sie eine Option.\">Bitte w\u00e4hlen Sie eine Option.<\/option><option value=\"Wohnung\">Wohnung<\/option><option value=\"Wohnung in einer Wohnanlage\">Wohnung in einer Wohnanlage<\/option><option value=\"Einfamilienhaus\">Einfamilienhaus<\/option><\/select><\/span>  <\/label>\n\n<div class=\"cf7mls-btns \"><button type=\"button\" class=\"cf7mls_next cf7mls_btn action-button\" name=\"cf7mls_next\" id=\"cf7mls-next-btn-cf7mls_step-1\" style=\" \">Berechnen Sie Ihre Amortisation<img decoding=\"async\" src=\"https:\/\/uborasolar.com\/wp-content\/plugins\/cf7-multi-step\/assets\/frontend\/img\/loader.svg\" alt=\"Step Loading\" data-lazy-src=\"https:\/\/uborasolar.com\/wp-content\/plugins\/cf7-multi-step\/assets\/frontend\/img\/loader.svg\" style=\"display: none;\" \/><\/button><\/div><p><\/p><\/fieldset><fieldset class=\"fieldset-cf7mls\"><div class=\"tit_paso\">Schritt 2 \u2013 <b>Monatliche Ausgaben<\/b><\/div>\n\n<div class=\"tit_1\">Wie hoch ist Ihr durchschnittlicher monatlicher Verbrauch?<\/div>\n\n<div class=\"tit_2\">Bitte nehmen Sie Ihre Stromrechnung zur Hand und suchen Sie nach einem Diagramm Ihres durchschnittlichen monatlichen Verbrauchs der letzten 6\u201312 Monate. Suchen Sie einen kWh-Wert, der in der Mitte zwischen den Spitzen und T\u00e4lern Ihres Stromverbrauchs liegt. <\/div>\n\n<input type=\"range\" id=\"facturamensual\" min=\"300\" max=\"3000\" value=\"1500\" step=\"10\" class=\"custom-range-slider\">\n\n<div class=\"cons_2 consumo_mensual\">Ihr durchschnittlicher monatlicher Verbrauch betr\u00e4gt <span>1500 kWh<\/span> <\/div>\n\n<div class=\"cons_2 consumo_anual\">Ungef\u00e4hrer Jahresverbrauch <span>18.000 kWh<\/span> <\/div>\n\n<div class=\"cons_2 coste_anual\">Ungef\u00e4hre j\u00e4hrliche Kosten*<span> 5022 \u20ac<\/span> <\/div>\n\n<span class=\"s_t\">*Diese j\u00e4hrlichen Stromkosten basieren auf einem Durchschnittspreis pro kWh von 0,279 \u20ac (einschlie\u00dflich Steuern, Mautgeb\u00fchren und anderer Fixkosten). <\/span><div class=\"cf7mls-btns \"><button type=\"button\" class=\"cf7mls_back action-button\" name=\"cf7mls_back\" id=\"cf7mls-back-btn-cf7mls_step-2\" style=\" \">Vorheriger Schritt<\/button><button type=\"button\" class=\"cf7mls_next cf7mls_btn action-button\" name=\"cf7mls_next\" id=\"cf7mls-next-btn-cf7mls_step-2\" style=\" \">N\u00e4chster Schritt<img decoding=\"async\" src=\"https:\/\/uborasolar.com\/wp-content\/plugins\/cf7-multi-step\/assets\/frontend\/img\/loader.svg\" alt=\"Step Loading\" data-lazy-src=\"https:\/\/uborasolar.com\/wp-content\/plugins\/cf7-multi-step\/assets\/frontend\/img\/loader.svg\" style=\"display: none;\" \/><\/button><\/div><p><\/p><\/fieldset><fieldset class=\"fieldset-cf7mls\"><div class=\"tit_paso\">Schritt 3 \u2013 Bedarf<\/div>\n\n<div class=\"tit_1\">M\u00f6chten Sie auch einen Kostenvoranschlag f\u00fcr eine zus\u00e4tzliche Batterie?<\/div>\n\n<div class=\"tit_2\">Batterien speichern und verwalten Ihre Energie f\u00fcr die Nutzung, wenn Ihre Solarmodule keinen Strom erzeugen, beispielsweise nachts oder bei Stromausf\u00e4llen.<\/div>\n\n<span class=\"wpcf7-form-control-wrap\" data-name=\"radio-294\"><span class=\"wpcf7-form-control wpcf7-radio\"><span class=\"wpcf7-list-item first\"><label><input type=\"radio\" name=\"radio-294\" value=\"JA\" \/><span class=\"wpcf7-list-item-label\">JA<\/span><\/label><\/span><span class=\"wpcf7-list-item last\"><label><input type=\"radio\" name=\"radio-294\" value=\"NEIN\" \/><span class=\"wpcf7-list-item-label\">NEIN<\/span><\/label><\/span><\/span><\/span>\n<div class=\"cf7mls-btns \"><button type=\"button\" class=\"cf7mls_back action-button\" name=\"cf7mls_back\" id=\"cf7mls-back-btn-cf7mls_step-3\" style=\" \">Vorheriger Schritt<\/button><button type=\"button\" class=\"cf7mls_next cf7mls_btn action-button\" name=\"cf7mls_next\" id=\"cf7mls-next-btn-cf7mls_step-3\" style=\" \">N\u00e4chster Schritt<img decoding=\"async\" src=\"https:\/\/uborasolar.com\/wp-content\/plugins\/cf7-multi-step\/assets\/frontend\/img\/loader.svg\" alt=\"Step Loading\" data-lazy-src=\"https:\/\/uborasolar.com\/wp-content\/plugins\/cf7-multi-step\/assets\/frontend\/img\/loader.svg\" style=\"display: none;\" \/><\/button><\/div><p><\/p><\/fieldset><fieldset class=\"fieldset-cf7mls\"><div class=\"tit_paso\">Schritt 4 \u2013 Sch\u00e4tzung<\/div>\n\n<div class=\"tit_1\">Informieren Sie sich \u00fcber die voraussichtliche Amortisationszeit einer Photovoltaikanlage in <span class=\"ubicacion_\">Ceuta<\/span>.<\/div>\n\nGeben Sie Ihre Daten ein und erhalten Sie sofort einen Kostenvoranschlag.\n\n<span class=\"wpcf7-form-control-wrap\" data-name=\"text-870\"><input size=\"40\" maxlength=\"400\" class=\"wpcf7-form-control wpcf7-text wpcf7-validates-as-required\" aria-required=\"true\" aria-invalid=\"false\" placeholder=\"Vor- und Nachname\" value=\"\" type=\"text\" name=\"text-870\" \/><\/span>\n\n<span class=\"wpcf7-form-control-wrap\" data-name=\"Telefono\"><input size=\"40\" maxlength=\"400\" class=\"wpcf7-form-control wpcf7-tel wpcf7-validates-as-required wpcf7-text wpcf7-validates-as-tel\" aria-required=\"true\" aria-invalid=\"false\" placeholder=\"Telefon\" value=\"\" type=\"tel\" name=\"Telefono\" \/><\/span>\n\n<span class=\"wpcf7-form-control-wrap\" data-name=\"email-953\"><input size=\"40\" maxlength=\"400\" class=\"wpcf7-form-control wpcf7-email wpcf7-validates-as-required wpcf7-text wpcf7-validates-as-email\" aria-required=\"true\" aria-invalid=\"false\" placeholder=\"E-Mail\" value=\"\" type=\"email\" name=\"email-953\" \/><\/span>\n\n<span class=\"wpcf7-form-control-wrap\" data-name=\"acceptance-914\"><span class=\"wpcf7-form-control wpcf7-acceptance\"><span class=\"wpcf7-list-item\"><label><input type=\"checkbox\" name=\"acceptance-914\" value=\"1\" aria-invalid=\"false\" \/><span class=\"wpcf7-list-item-label\">Ich habe die Datenschutzbestimmungen gelesen und akzeptiere sie<\/span><\/label><\/span><\/span><\/span>\n\n<input class=\"wpcf7-form-control wpcf7-submit has-spinner\" type=\"submit\" value=\"Erhalten Sie Ihren Kostenvoranschlag per E-Mail\" \/><div class=\"cf7mls-btns cf7mls-btns-last-step\"><button type=\"button\" class=\"cf7mls_back action-button\" name=\"cf7mls_back\" id=\"cf7mls-back-btn-cf7mls_step-4\" style=\" \">Vorheriger Schritt<\/button><button type=\"button\" style=\"display: none;\" class=\"cf7mls_next cf7mls_btn action-button\" name=\"cf7mls_next\" id=\"cf7mls-next-btn-cf7mls_step-4\" style=\" \"><img decoding=\"async\" src=\"https:\/\/uborasolar.com\/wp-content\/plugins\/cf7-multi-step\/assets\/frontend\/img\/loader.svg\" alt=\"Step Loading\" data-lazy-src=\"https:\/\/uborasolar.com\/wp-content\/plugins\/cf7-multi-step\/assets\/frontend\/img\/loader.svg\" style=\"display: none;\" \/><\/button><\/fieldset><\/div><div class=\"wpcf7-response-output\" aria-hidden=\"true\"><\/div>\n<\/form>\n<\/div>\n<\/div>\n\t\t\t\t\t\t<\/div>\n\t\t\t\t<\/div>\n\t\t\t\t<\/div>\n\t\t\t\t\t<\/div>\n\t\t\t\t<\/div>\n\t\t\t\t<\/div>\n\t\t","protected":false},"excerpt":{"rendered":"<p>Solarrechner Berechnen Sie Ihre Amortisationszeit in weniger als 60 Sekunden<\/p>\n","protected":false},"author":1,"featured_media":0,"parent":0,"menu_order":0,"comment_status":"closed","ping_status":"closed","template":"elementor_header_footer","meta":{"footnotes":""},"class_list":["post-5074","page","type-page","status-publish"],"_links":{"self":[{"href":"https:\/\/uborasolar.com\/de\/wp-json\/wp\/v2\/pages\/5074","targetHints":{"allow":["GET"]}}],"collection":[{"href":"https:\/\/uborasolar.com\/de\/wp-json\/wp\/v2\/pages"}],"about":[{"href":"https:\/\/uborasolar.com\/de\/wp-json\/wp\/v2\/types\/page"}],"author":[{"embeddable":true,"href":"https:\/\/uborasolar.com\/de\/wp-json\/wp\/v2\/users\/1"}],"replies":[{"embeddable":true,"href":"https:\/\/uborasolar.com\/de\/wp-json\/wp\/v2\/comments?post=5074"}],"version-history":[{"count":0,"href":"https:\/\/uborasolar.com\/de\/wp-json\/wp\/v2\/pages\/5074\/revisions"}],"wp:attachment":[{"href":"https:\/\/uborasolar.com\/de\/wp-json\/wp\/v2\/media?parent=5074"}],"curies":[{"name":"wp","href":"https:\/\/api.w.org\/{rel}","templated":true}]}}