{"id":5557,"date":"2025-07-08T17:37:36","date_gmt":"2025-07-08T15:37:36","guid":{"rendered":"https:\/\/uborasolar.com\/datenschutzrichtlinie\/"},"modified":"2025-07-14T19:42:51","modified_gmt":"2025-07-14T17:42:51","slug":"datenschutzrichtlinie","status":"publish","type":"page","link":"https:\/\/uborasolar.com\/de\/datenschutzrichtlinie\/","title":{"rendered":"Datenschutzrichtlinie"},"content":{"rendered":"\t\t<div data-elementor-type=\"wp-page\" data-elementor-id=\"5557\" class=\"elementor elementor-5557 elementor-5104\" data-elementor-post-type=\"page\">\n\t\t\t\t<div class=\"elementor-element elementor-element-098fa07 e-flex e-con-boxed e-con e-parent\" data-id=\"098fa07\" data-element_type=\"container\" data-e-type=\"container\">\n\t\t\t\t\t<div class=\"e-con-inner\">\n\t\t\t\t<div class=\"elementor-element elementor-element-a1061e7 elementor-widget elementor-widget-text-editor\" data-id=\"a1061e7\" data-element_type=\"widget\" data-e-type=\"widget\" data-widget_type=\"text-editor.default\">\n\t\t\t\t<div class=\"elementor-widget-container\">\n\t\t\t\t\t\t\t\t\t<h3>Datenschutzrichtlinie<\/h3><div class=\"elementor-widget-container\"><p>Dieser Rechtstext enth\u00e4lt Einzelheiten dazu, wie wir Ihre personenbezogenen Daten durch Ihre Nutzung unserer Website https:\/\/uborasolar.com erfassen und verarbeiten, einschlie\u00dflich aller Informationen, die Sie uns \u00fcber die Website bereitstellen, wenn Sie einen Dienst erwerben oder Ihre Daten \u00fcber das daf\u00fcr vorgesehene Formular \u00fcbermitteln.<\/p><p>Indem Sie uns Ihre Daten zur Verf\u00fcgung stellen, informieren wir Sie dar\u00fcber, dass unsere Dienste nicht f\u00fcr Personen verf\u00fcgbar sind, denen die Erteilung einer Einwilligung gesetzlich untersagt ist. Wenn Sie uns die Formulare \u00fcbermitteln, garantieren Sie daher, dass Sie \u00fcber die erforderliche Einwilligungsf\u00e4higkeit verf\u00fcgen.<\/p><p>Nachfolgend informieren wir Sie \u00fcber die Datenschutzpolitik von <strong>Ubora Autoconsumo, SL.<\/strong><\/p><ol><li><h5><strong> Datenverantwortlicher.<\/strong><\/h5><\/li><\/ol><p>Kontaktdaten des Verantwortlichen:<\/p><p><strong>Ubora Autoconsumo, SL.<\/strong>, mit CIF: B01606755 und Sitz in: Edificio Bic Euronova, Av. Juan L\u00f3pez de Pe\u00f1alver, 21, rechter Korridor, T\u00fcr 4\u00aa rechts, 29590 M\u00e1laga. und Telefon: 683 300 529. Wir haben einen Datenschutzbeauftragten, den Sie unter der E-Mail-Adresse erreichen k\u00f6nnen: protecciondedatos@mshoteles.com   <\/p><p><strong>Ubora Autoconsumo, SL.<\/strong>, ist f\u00fcr Ihre Daten verantwortlich. (Im Folgenden \u201ewir\u201c oder \u201eunser\u201c). <\/p><ol start=\"2\"><li><h5><strong> Welche Daten erheben wir? <\/strong><\/h5><\/li><\/ol><p>Personenbezogene Daten sind nach der <strong>Datenschutz-Grundverordnung<\/strong> alle Informationen, die sich auf eine identifizierte oder identifizierbare nat\u00fcrliche Person beziehen, also alle Informationen, mit denen eine Person identifiziert werden kann. Anonymisierte oder prozentuale Daten fallen nicht darunter. <\/p><p>Alle personenbezogenen Daten, die direkt von der betroffenen Person erhoben werden, werden vertraulich behandelt und in die entsprechenden Verarbeitungsaktivit\u00e4ten von <strong>Ubora Autoconsumo, SL<\/strong> einbezogen.<\/p><p>Auf unserer Website verarbeiten wir m\u00f6glicherweise bestimmte Arten personenbezogener Daten, darunter:<\/p><ul><li>Identit\u00e4tsdaten: Vor- und Nachname.<\/li><li>Kontaktinformationen: E-Mail und Telefon.<\/li><\/ul><p>Wir erfassen keine besonderen Kategorien personenbezogener Daten (wie etwa rassische oder ethnische Herkunft, politische Meinungen, religi\u00f6se oder philosophische \u00dcberzeugungen, Gewerkschaftsmitgliedschaft, Gesundheitsinformationen, genetische oder biometrische Daten).<\/p><p>Wenn Sie gesetzlich oder aufgrund eines zwischen Ihnen und uns geschlossenen Vertrags verpflichtet sind, personenbezogene Daten zu erheben, und Sie sich weigern, diese Daten bereitzustellen, k\u00f6nnen wir den Vertrag m\u00f6glicherweise nicht erf\u00fcllen oder die Dienstleistung nicht erbringen. In diesem Fall m\u00fcssen Sie uns im Voraus dar\u00fcber informieren.<\/p><ol start=\"3\"><li><h5><strong> Wie erfassen wir Ihre personenbezogenen Daten? <\/strong><\/h5><\/li><\/ol><p>Die Mittel, die wir zur Erhebung personenbezogener Daten verwenden, sind:<\/p><ul><li><strong>\u00dcber das Formular auf unserer Website, \u00fcber unsere Kontakt-E-Mail, telefonisch oder per Post, wenn:<\/strong><ul><li>Fordern Sie Informationen zu unseren Produkten oder Dienstleistungen an<\/li><li>Buchen Sie unsere Dienstleistungen<\/li><\/ul><\/li><\/ul><p><strong> <\/strong><\/p><p>Um die Qualit\u00e4t unseres Portals zu gew\u00e4hrleisten, behalten wir uns das Recht vor, <strong>Registrierungsanfragen abzulehnen<\/strong> oder bereits akzeptierte Registrierungen auszusetzen oder zu stornieren, wenn wir der Ansicht sind, dass sie diesen Anforderungen oder anderen Gesetzen oder Vorschriften nicht entsprechen. In diesem Fall werden wir versuchen, die Gr\u00fcnde f\u00fcr unsere Entscheidung zu erl\u00e4utern, k\u00f6nnen dies jedoch nicht in jedem Fall garantieren. <\/p><ul><li><strong>Durch Technologie oder automatisierte Interaktionen:<\/strong> Auf unserer Website erfassen wir m\u00f6glicherweise automatisch technische Daten zu Ihrem Ger\u00e4t, Ihren Browseraktivit\u00e4ten und Ihrem Nutzungsverhalten. Diese Daten werden durch Cookies oder \u00e4hnliche Technologien erhoben. Weitere Informationen finden Sie in unserer Cookie-Richtlinie <a href=\"https:\/\/uborasolar.com\/politica-cookies\/\">hier.<\/a>  <\/li><li><strong>Durch Dritte:<\/strong><ul><li><strong>Google:<\/strong> Analytics-Daten oder Suchdaten. Au\u00dferhalb der Europ\u00e4ischen Union. <\/li><\/ul><\/li><\/ul><p><strong> <\/strong><\/p><ol start=\"4\"><li><h5><strong> Zweck und Legitimit\u00e4t der Verwendung Ihrer Daten. <\/strong><\/h5><\/li><\/ol><p>Die h\u00e4ufigsten Verwendungszwecke Ihrer personenbezogenen Daten sind:<\/p><ul><li>Um einen Vertrag zwischen <strong>Ubora Autoconsumo, SL<\/strong>. und Ihnen abzuschlie\u00dfen.<\/li><li>Wenn Sie der Verarbeitung Ihrer Daten zustimmen.<\/li><li>Wenn wir sie ben\u00f6tigen, um einer gesetzlichen oder beh\u00f6rdlichen Verpflichtung nachzukommen.<\/li><li>Wenn dies f\u00fcr unser berechtigtes Interesse oder das eines Dritten erforderlich ist.<\/li><\/ul><p>Der Benutzer kann die erteilte Einwilligung jederzeit widerrufen, indem er eine E-Mail an protecciondedatos@mshoteles.com sendet oder den Abschnitt zur Aus\u00fcbung seiner Rechte weiter unten konsultiert.<\/p><p>Nachfolgend finden Sie eine Tabelle, in der wir die Art und Weise der Verwendung Ihrer personenbezogenen Daten sowie die Rechtsgrundlagen hierf\u00fcr erl\u00e4utern. Sie k\u00f6nnen sich auch dar\u00fcber informieren, welche Art von personenbezogenen Daten wir verarbeiten. Wir k\u00f6nnen bestimmte personenbezogene Daten auch aus rechtlichen Gr\u00fcnden verarbeiten. Bei Fragen wenden Sie sich bitte per E-Mail an protecciondedatos@mshoteles.com. <\/p><table width=\"670\"><tbody><tr><td width=\"118\"><strong>Bilden<\/strong><\/td><td width=\"165\"><strong>Zweck<\/strong><\/td><td width=\"238\"><strong>Datentyp<\/strong><\/td><td width=\"150\"><strong>Legitimit\u00e4t f\u00fcr seine Behandlung<\/strong><\/td><\/tr><tr><td width=\"118\">Weitere Informationen<\/td><td width=\"165\">Der Zweck ist die Verwaltung von Kontakten und Informationsanfragen, die \u00fcber das Internet eingehen<\/td><td width=\"238\"><p>&#8211; Name<\/p><p>\u2013 Nachnamen<\/p><p>\u2013 E-Mail<\/p><p>&#8211; Telefon<\/p><\/td><td width=\"150\"><p>Einwilligung der betroffenen Person (Art. 6 Abs. 1 lit. a DSGVO)<\/p><p>Vorvertragliche Ma\u00dfnahmen (Art. 6 Abs. 1 lit. b DSGVO)<\/p><p>Die Verarbeitung ist zur Wahrung der berechtigten Interessen des Verantwortlichen erforderlich (Art. 6 Abs. 1 lit. f DSGVO).<\/p><\/td><\/tr><\/tbody><\/table><p><strong> <\/strong><\/p><p><strong>Kommerzielle Kommunikation: <\/strong>Sie erhalten nur dann Mitteilungen, wenn<\/p><ul><li>Sie haben bei uns Informationen angefordert oder bei uns einen Vertrag \u00fcber ein Produkt oder eine Dienstleistung abgeschlossen.<\/li><li>Wenn Sie uns Ihre Daten \u00fcbermittelt haben, kreuzen Sie bitte das daf\u00fcr vorgesehene K\u00e4stchen auf unserem Formular an.<\/li><li>Sofern Sie nicht den Wunsch ge\u00e4u\u00dfert haben, keine solchen Mitteilungen mehr zu erhalten.<\/li><\/ul><p>Wir holen Ihre ausdr\u00fcckliche Zustimmung ein, bevor wir Ihnen Mitteilungen senden, und Sie k\u00f6nnen jederzeit verlangen, dass wir Ihnen keine weiteren Mitteilungen mehr senden, indem Sie eine E-Mail an protecciondedatos@mshoteles.com senden.<\/p><p>Wenn Sie dem Erhalt unserer Nachrichten widersprechen, werden Ihre personenbezogenen Daten aufgrund des von Ihnen abgeschlossenen Vertrags weiterhin gespeichert, um den gesetzlichen Anforderungen nachzukommen.<\/p><p><strong>Zweck:<\/strong> Wir verwenden Ihre Daten nur f\u00fcr die Zwecke, f\u00fcr die wir sie erhoben haben, es sei denn, wir sind der begr\u00fcndeten Ansicht, dass wir sie aus einem anderen Grund verwenden m\u00fcssen. Wir werden Sie im Voraus informieren, damit Sie die Rechtsgrundlage f\u00fcr die Verarbeitung kennen und der Zweck mit dem urspr\u00fcnglichen Zweck vereinbar ist.<\/p><ol start=\"5\"><li><h5><strong> Wie lange speichern wir Ihre Daten?<\/strong><\/h5><\/li><\/ol><p>Sie werden so lange gespeichert, wie es f\u00fcr die Erf\u00fcllung des Zwecks ihrer Erhebung und zur Feststellung m\u00f6glicher Haftungen, die sich aus diesem Zweck und der Verarbeitung der Daten ergeben k\u00f6nnen, erforderlich ist. Die Bestimmungen der verschiedenen Verordnungen zu Aufbewahrungsfristen gelten, soweit sie f\u00fcr diese Verarbeitung anwendbar sind. <\/p><p><strong>E-Mail- oder Formular-Abonnentendaten<\/strong>: Von der Anmeldung bis zur Abmeldung des Benutzers.<\/p><ol start=\"6\"><li><h5><strong> Minderj\u00e4hrige.<\/strong><\/h5><\/li><\/ol><p><strong>Ubora Autoconsumo, SL. <\/strong>Ubora Autoconsumo, SL gestattet Minderj\u00e4hrigen unter 14 Jahren nicht, ihre personenbezogenen Daten \u00fcber die auf dieser Website bereitgestellten Kan\u00e4le (durch Ausf\u00fcllen von Webformularen f\u00fcr Serviceanfragen, Kontaktformularen oder per E-Mail) bereitzustellen. Daher erkl\u00e4rt jeder, der personenbezogene Daten \u00fcber diese Kan\u00e4le bereitstellt, ausdr\u00fccklich, dass er \u00fcber 14 Jahre alt ist. <strong>Ubora Autoconsumo, SL<\/strong> \u00fcbernimmt keine Haftung f\u00fcr die Nichteinhaltung dieser Anforderung. <\/p><p>Wenn Ihr Kind, das die Altersgrenze noch nicht erreicht hat, personenbezogene Daten an <strong>Ubora Autoconsumo, SL<\/strong>. \u00fcbermittelt hat, kontaktieren Sie uns bitte, damit wir Ihre geltenden Rechte aus\u00fcben k\u00f6nnen.<\/p><p>In den F\u00e4llen, in denen die von<strong> Ubora Autoconsumo, SL<\/strong>. angebotenen Dienste f\u00fcr Minderj\u00e4hrige unter 14 Jahren bestimmt sind, werden die Mittel bereitgestellt, um die Genehmigung der Eltern oder Erziehungsberechtigten des Minderj\u00e4hrigen einzuholen.<\/p><ol start=\"7\"><li><h5><strong> Aus\u00fcbung der Datenschutzrechte:<\/strong><\/h5><\/li><\/ol><p><strong>Wie k\u00f6nnen diese Rechte ausge\u00fcbt werden?<\/strong> Der Nutzer kann eine Mitteilung an den Firmensitz von <strong>Ubora Autoconsumo, SL<\/strong> oder eine E-Mail an protecciondedatos@mshoteles.com senden, in beiden F\u00e4llen zusammen mit einer Fotokopie seines Personalausweises oder eines \u00e4hnlichen Ausweisdokuments, um die Aus\u00fcbung der folgenden Rechte zu beantragen:<\/p><ul><li><strong><u>Zugriff<\/u><\/strong> auf Ihre personenbezogenen Daten: Sie k\u00f6nnen<strong> Ubora Autoconsumo, SL<\/strong>. fragen, ob Ihre personenbezogenen Daten verwendet werden.<\/li><li>Bei Unrichtigkeiten die <strong><u>Berichtigung<\/u><\/strong> zu verlangen oder in Bezug auf <strong><u>diese das Recht<\/u><\/strong> auf Vergessenwerden auszu\u00fcben.<\/li><li>Um eine <strong><u>Einschr\u00e4nkung der Verarbeitung<\/u><\/strong> zu beantragen, werden sie in diesem Fall nur von <strong>Ubora Autoconsumo, SL<\/strong> aufbewahrt. zur Aus\u00fcbung oder Verteidigung von Anspr\u00fcchen<\/li><li><strong><u>Widerspruch<\/u><\/strong> gegen die Verarbeitung: <strong>Ubora Autoconsumo, SL<\/strong> wird Ihre Daten weiterhin in der von Ihnen angegebenen Weise verarbeiten, es sei denn, eine weitere Verarbeitung ist aus legitimen Gr\u00fcnden oder zur Aus\u00fcbung oder Verteidigung potenzieller Anspr\u00fcche erforderlich.<\/li><li><strong><u>Daten\u00fcbertragbarkeit<\/u><\/strong>: Wenn Sie m\u00f6chten, dass Ihre Daten von einem anderen Unternehmen verarbeitet werden, erleichtert <strong>Ubora Autoconsumo, SL<\/strong>. die \u00dcbertragbarkeit Ihrer Daten zum neuen Verantwortlichen.<\/li><\/ul><p>Zur Aus\u00fcbung Ihrer oben genannten Rechte k\u00f6nnen Sie die Formulare verwenden, die Ihnen die spanische Datenschutzbeh\u00f6rde zur Verf\u00fcgung stellt: <a href=\"https:\/\/www.aepd.es\/reglamento\/derechos\/index.html\" target=\"_blank\" rel=\"noopener\">Hier<\/a> <\/p><p>Einreichen einer Beschwerde beim Datenschutzbeauftragten: Wenn Sie der Meinung sind, dass es ein Problem mit der Art und Weise gibt, wie <strong>Ubora Autoconsumo, SL<\/strong> Ihre Daten verarbeitet, k\u00f6nnen Sie Ihre Beschwerden zun\u00e4chst an den Datenschutzbeauftragten richten, der vermittelnd t\u00e4tig wird, um den Streitfall ordnungsgem\u00e4\u00df zu l\u00f6sen:<\/p><ul><li>E-Mail des Datenschutzbeauftragten: <a href=\"mailto:protecciondedatos@mshoteles.com\">protecciondedatos@mshoteles.com<\/a><\/li><li>Adresse: Calle Los Nidos, Nr. 23 29620 Torremolinos M\u00e1laga.<\/li><\/ul><p>Wenn der Streit nicht beigelegt werden kann, k\u00f6nnen Sie sich jederzeit an die zust\u00e4ndige Aufsichtsbeh\u00f6rde wenden. In <a href=\"https:\/\/sedeagpd.gob.es\/sede-electronica-web\/vistas\/formNuevaReclamacion\/solicitudReclamacion.jsf%3Bjsessionid=5085E2038B4210818633610065963C3E\" target=\"_blank\" rel=\"noopener\">Spanien ist die spanische Datenschutzbeh\u00f6rde zust\u00e4ndig.<\/a><\/p><p>Wir werden Sie um bestimmte Informationen bitten, die uns helfen, Ihre Identit\u00e4t zu best\u00e4tigen und Ihr Recht auf Zugriff auf Ihre personenbezogenen Daten (oder die Aus\u00fcbung der oben genannten Rechte) sicherzustellen. Dies ist eine Sicherheitsma\u00dfnahme, um sicherzustellen, dass personenbezogene Daten nicht an Personen weitergegeben werden, die nicht dazu berechtigt sind. <\/p><p>Wir bearbeiten alle Anfragen innerhalb der gesetzlichen Frist von einem Monat. Bei besonders komplexen Anfragen kann es jedoch l\u00e4nger dauern. In diesem Fall benachrichtigen wir Sie und halten Sie auf dem Laufenden.  <\/p><ol start=\"8\"><li><h5><strong> Datenkommunikation: Bereitstellung von Diensten.<\/strong><\/h5><\/li><\/ol><p>Im Rahmen unserer Arbeit ben\u00f6tigen wir m\u00f6glicherweise die Unterst\u00fctzung Dritter. Diese verarbeiten Ihre Daten ausschlie\u00dflich zur Erbringung der vertraglich vereinbarten Dienstleistung und haben mit ihnen die entsprechenden Ma\u00dfnahmen getroffen, um Ihre Rechte zu gew\u00e4hrleisten:<\/p><ul><li>Dienstleister, die Systemadministration und Informationstechnologiedienste bereitstellen.<\/li><li>Professionelle Berater, darunter Anw\u00e4lte, Wirtschaftspr\u00fcfer und Versicherer, die Beratungsleistungen in den Bereichen Bankwesen, Recht, Versicherung und Buchhaltung anbieten<\/li><\/ul><p>Alle Auftragsverarbeiter, an die wir Ihre Daten weitergeben, respektieren die Sicherheit Ihrer personenbezogenen Daten und verarbeiten diese im Einklang mit der DSGVO.<\/p><p>Wir gestatten diesen Auftragsverarbeitern die Verarbeitung Ihrer Daten nur zu bestimmten Zwecken und gem\u00e4\u00df unseren Anweisungen. Aus Gr\u00fcnden der Transparenz k\u00f6nnen Sie jedoch eine Liste der Unternehmen, die uns Dienstleistungen anbieten, per E-Mail an protecciondedatos@mshoteles.com anfordern. <\/p><ol start=\"9\"><li><h5><strong>Datensicherheit.<\/strong><\/h5><\/li><\/ol><p>Wir haben geeignete Sicherheitsma\u00dfnahmen ergriffen, um Ihre personenbezogenen Daten vor versehentlichem Verlust, unbefugter Nutzung, unbefugtem Zugriff, Ver\u00e4nderung oder Offenlegung zu sch\u00fctzen. Dar\u00fcber hinaus beschr\u00e4nken wir den Zugriff auf Ihre personenbezogenen Daten auf diejenigen Mitarbeiter, Vertreter, Auftragnehmer und sonstigen Dritten, die diese aus gesch\u00e4ftlichen Gr\u00fcnden ben\u00f6tigen. Diese verarbeiten Ihre personenbezogenen Daten ausschlie\u00dflich auf unsere Weisung und unterliegen der Geheimhaltungspflicht.   <\/p><p>Wir haben Verfahren implementiert, um auf jeden vermuteten Versto\u00df gegen den Schutz personenbezogener Daten zu reagieren, und werden Sie und die Aufsichtsbeh\u00f6rde im Falle eines Sicherheitsversto\u00dfes gem\u00e4\u00df den Artikeln 33 und 34 der DSGVO benachrichtigen.<\/p><\/div>\t\t\t\t\t\t\t\t<\/div>\n\t\t\t\t<\/div>\n\t\t\t\t\t<\/div>\n\t\t\t\t<\/div>\n\t\t\t\t<\/div>\n\t\t","protected":false},"excerpt":{"rendered":"<p>Datenschutzrichtlinie Dieser Rechtstext enth\u00e4lt Einzelheiten dazu, wie wir Ihre personenbezogenen Daten durch Ihre Nutzung unserer Website https:\/\/uborasolar.com erfassen und verarbeiten, einschlie\u00dflich aller Informationen, die Sie uns \u00fcber die Website bereitstellen, wenn Sie einen Dienst erwerben oder Ihre Daten \u00fcber das daf\u00fcr vorgesehene Formular \u00fcbermitteln. Indem Sie uns Ihre Daten zur Verf\u00fcgung stellen, informieren wir Sie &#8230; <a title=\"Datenschutzrichtlinie\" class=\"read-more\" href=\"https:\/\/uborasolar.com\/de\/datenschutzrichtlinie\/\" aria-label=\"Mehr Informationen \u00fcber Datenschutzrichtlinie\">Weiterlesen<\/a><\/p>\n","protected":false},"author":1,"featured_media":0,"parent":0,"menu_order":0,"comment_status":"closed","ping_status":"closed","template":"","meta":{"footnotes":""},"class_list":["post-5557","page","type-page","status-publish"],"_links":{"self":[{"href":"https:\/\/uborasolar.com\/de\/wp-json\/wp\/v2\/pages\/5557","targetHints":{"allow":["GET"]}}],"collection":[{"href":"https:\/\/uborasolar.com\/de\/wp-json\/wp\/v2\/pages"}],"about":[{"href":"https:\/\/uborasolar.com\/de\/wp-json\/wp\/v2\/types\/page"}],"author":[{"embeddable":true,"href":"https:\/\/uborasolar.com\/de\/wp-json\/wp\/v2\/users\/1"}],"replies":[{"embeddable":true,"href":"https:\/\/uborasolar.com\/de\/wp-json\/wp\/v2\/comments?post=5557"}],"version-history":[{"count":1,"href":"https:\/\/uborasolar.com\/de\/wp-json\/wp\/v2\/pages\/5557\/revisions"}],"predecessor-version":[{"id":5558,"href":"https:\/\/uborasolar.com\/de\/wp-json\/wp\/v2\/pages\/5557\/revisions\/5558"}],"wp:attachment":[{"href":"https:\/\/uborasolar.com\/de\/wp-json\/wp\/v2\/media?parent=5557"}],"curies":[{"name":"wp","href":"https:\/\/api.w.org\/{rel}","templated":true}]}}