{"id":4515,"date":"2025-04-10T16:34:58","date_gmt":"2025-04-10T14:34:58","guid":{"rendered":"https:\/\/uborasolar.com\/blog\/"},"modified":"2025-07-01T08:12:11","modified_gmt":"2025-07-01T06:12:11","slug":"blog","status":"publish","type":"page","link":"https:\/\/uborasolar.com\/en\/blog\/","title":{"rendered":"Blog"},"content":{"rendered":"\t\t<div data-elementor-type=\"wp-page\" data-elementor-id=\"4515\" class=\"elementor elementor-4515 elementor-2443\" data-elementor-post-type=\"page\">\n\t\t\t\t<div class=\"elementor-element elementor-element-69233d3 e-flex e-con-boxed e-con e-parent\" data-id=\"69233d3\" data-element_type=\"container\" data-e-type=\"container\" data-settings=\"{&quot;background_background&quot;:&quot;classic&quot;}\">\n\t\t\t\t\t<div class=\"e-con-inner\">\n\t\t\t\t<div class=\"elementor-element elementor-element-10818d9 elementor-widget elementor-widget-heading\" data-id=\"10818d9\" data-element_type=\"widget\" data-e-type=\"widget\" data-widget_type=\"heading.default\">\n\t\t\t\t<div class=\"elementor-widget-container\">\n\t\t\t\t\t<h2 class=\"elementor-heading-title elementor-size-default\">Blog<\/h2>\t\t\t\t<\/div>\n\t\t\t\t<\/div>\n\t\t\t\t<div class=\"elementor-element elementor-element-bbaac05 elementor-grid-3 elementor-grid-tablet-2 elementor-grid-mobile-1 elementor-posts--thumbnail-top elementor-widget elementor-widget-posts\" data-id=\"bbaac05\" data-element_type=\"widget\" data-e-type=\"widget\" data-settings=\"{&quot;pagination_type&quot;:&quot;load_more_infinite_scroll&quot;,&quot;classic_columns&quot;:&quot;3&quot;,&quot;classic_columns_tablet&quot;:&quot;2&quot;,&quot;classic_columns_mobile&quot;:&quot;1&quot;,&quot;classic_row_gap&quot;:{&quot;unit&quot;:&quot;px&quot;,&quot;size&quot;:35,&quot;sizes&quot;:[]},&quot;classic_row_gap_tablet&quot;:{&quot;unit&quot;:&quot;px&quot;,&quot;size&quot;:&quot;&quot;,&quot;sizes&quot;:[]},&quot;classic_row_gap_mobile&quot;:{&quot;unit&quot;:&quot;px&quot;,&quot;size&quot;:&quot;&quot;,&quot;sizes&quot;:[]},&quot;load_more_spinner&quot;:{&quot;value&quot;:&quot;fas fa-spinner&quot;,&quot;library&quot;:&quot;fa-solid&quot;}}\" data-widget_type=\"posts.classic\">\n\t\t\t\t<div class=\"elementor-widget-container\">\n\t\t\t\t\t\t\t<div class=\"elementor-posts-container elementor-posts elementor-posts--skin-classic elementor-grid\" role=\"list\">\n\t\t\t\t<article class=\"elementor-post elementor-grid-item post-7972 post type-post status-publish format-standard has-post-thumbnail hentry category-sin-categorizar tag-ac-coupling tag-batteries-for-solar-panels tag-dc-coupling tag-energy-storage tag-home-solar-battery tag-hybrid-inverter tag-self-consumption tag-solar-backup tag-solar-batteries tag-solar-energy\" role=\"listitem\">\n\t\t\t\t<a class=\"elementor-post__thumbnail__link\" href=\"https:\/\/uborasolar.com\/en\/which-solar-battery-to-choose-in-2026-complete-guide\/\" tabindex=\"-1\" >\n\t\t\t<div class=\"elementor-post__thumbnail\"><img fetchpriority=\"high\" decoding=\"async\" width=\"1024\" height=\"358\" src=\"https:\/\/uborasolar.com\/wp-content\/uploads\/2026\/04\/guia-baterias-solares-2026-1024x358.jpg\" class=\"attachment-large size-large wp-image-7959\" alt=\"Tipos de bater\u00edas para placas solares: AC coupling vs DC coupling en instalaci\u00f3n fotovoltaica con backup\" srcset=\"https:\/\/uborasolar.com\/wp-content\/uploads\/2026\/04\/guia-baterias-solares-2026-1024x358.jpg 1024w, https:\/\/uborasolar.com\/wp-content\/uploads\/2026\/04\/guia-baterias-solares-2026-300x105.jpg 300w, https:\/\/uborasolar.com\/wp-content\/uploads\/2026\/04\/guia-baterias-solares-2026-768x269.jpg 768w, https:\/\/uborasolar.com\/wp-content\/uploads\/2026\/04\/guia-baterias-solares-2026.jpg 1500w\" sizes=\"(max-width: 1024px) 100vw, 1024px\" \/><\/div>\n\t\t<\/a>\n\t\t\t\t<div class=\"elementor-post__text\">\n\t\t\t\t<h3 class=\"elementor-post__title\">\n\t\t\t<a href=\"https:\/\/uborasolar.com\/en\/which-solar-battery-to-choose-in-2026-complete-guide\/\" >\n\t\t\t\tWhich solar battery to choose in 2026? Complete guide\t\t\t<\/a>\n\t\t<\/h3>\n\t\t\t\t<div class=\"elementor-post__meta-data\">\n\t\t\t\t\t<span class=\"elementor-post-date\">\n\t\t\t6 de April de 2026\t\t<\/span>\n\t\t\t\t<\/div>\n\t\t\t\t<div class=\"elementor-post__excerpt\">\n\t\t\t<p>More and more people are looking for batteries for solar panels for a very simple reason: it is not enough to produce solar energy, you also have to know how to store it, manage it and use it well. Today,<\/p>\n\t\t<\/div>\n\t\t\n\t\t<a class=\"elementor-post__read-more\" href=\"https:\/\/uborasolar.com\/en\/which-solar-battery-to-choose-in-2026-complete-guide\/\" aria-label=\"Read more about Which solar battery to choose in 2026? Complete guide\" tabindex=\"-1\" >\n\t\t\tRead more \u00bb\t\t<\/a>\n\n\t\t\t\t<\/div>\n\t\t\t\t<\/article>\n\t\t\t\t<article class=\"elementor-post elementor-grid-item post-7778 post type-post status-publish format-standard has-post-thumbnail hentry category-sin-categorizar tag-25-year-solar-panel-warranty tag-best-solar-panels-for-business tag-best-solar-panels-for-home tag-bifacial-solar-panel tag-how-to-choose-a-solar-panel tag-industrial-solar-installation tag-microinversores-solares tag-residential-solar-installation tag-solar-panel-back-contact tag-solar-panel-degradation tag-solar-panel-efficiency tag-solar-panel-glass-glass tag-solar-panel-hotspot tag-solar-panel-microcracks tag-solar-panel-output tag-solar-panel-temperature-coefficient tag-solar-panels-2026 tag-string-inverter-solar-string-inverter tag-topcon-technology tag-types-of-solar-panels\" role=\"listitem\">\n\t\t\t\t<a class=\"elementor-post__thumbnail__link\" href=\"https:\/\/uborasolar.com\/en\/solar-panel-guide-2026-how-to-choose-the-best-solar-panels-for-your-home-or-business\/\" tabindex=\"-1\" >\n\t\t\t<div class=\"elementor-post__thumbnail\"><img decoding=\"async\" width=\"1024\" height=\"358\" src=\"https:\/\/uborasolar.com\/wp-content\/uploads\/2026\/02\/paneles-solares-full-black-instalacion-residencial-espana-2026-1024x358.jpg\" class=\"attachment-large size-large wp-image-7710\" alt=\"Paneles solares full black instalados en cubierta residencial en Espa\u00f1a al atardecer\" srcset=\"https:\/\/uborasolar.com\/wp-content\/uploads\/2026\/02\/paneles-solares-full-black-instalacion-residencial-espana-2026-1024x358.jpg 1024w, https:\/\/uborasolar.com\/wp-content\/uploads\/2026\/02\/paneles-solares-full-black-instalacion-residencial-espana-2026-300x105.jpg 300w, https:\/\/uborasolar.com\/wp-content\/uploads\/2026\/02\/paneles-solares-full-black-instalacion-residencial-espana-2026-768x269.jpg 768w, https:\/\/uborasolar.com\/wp-content\/uploads\/2026\/02\/paneles-solares-full-black-instalacion-residencial-espana-2026.jpg 1500w\" sizes=\"(max-width: 1024px) 100vw, 1024px\" \/><\/div>\n\t\t<\/a>\n\t\t\t\t<div class=\"elementor-post__text\">\n\t\t\t\t<h3 class=\"elementor-post__title\">\n\t\t\t<a href=\"https:\/\/uborasolar.com\/en\/solar-panel-guide-2026-how-to-choose-the-best-solar-panels-for-your-home-or-business\/\" >\n\t\t\t\tSolar Panel Guide 2026: How to Choose the Best Solar Panels for Your Home or Business\t\t\t<\/a>\n\t\t<\/h3>\n\t\t\t\t<div class=\"elementor-post__meta-data\">\n\t\t\t\t\t<span class=\"elementor-post-date\">\n\t\t\t27 de February de 2026\t\t<\/span>\n\t\t\t\t<\/div>\n\t\t\t\t<div class=\"elementor-post__excerpt\">\n\t\t\t<p>Choosing a solar panel is not about comparing numbers on a data sheet or choosing the model with the highest wattage rating. This is probably the most widespread simplification &#8211; and also the most frequent mistake &#8211; when someone is<\/p>\n\t\t<\/div>\n\t\t\n\t\t<a class=\"elementor-post__read-more\" href=\"https:\/\/uborasolar.com\/en\/solar-panel-guide-2026-how-to-choose-the-best-solar-panels-for-your-home-or-business\/\" aria-label=\"Read more about Solar Panel Guide 2026: How to Choose the Best Solar Panels for Your Home or Business\" tabindex=\"-1\" >\n\t\t\tRead more \u00bb\t\t<\/a>\n\n\t\t\t\t<\/div>\n\t\t\t\t<\/article>\n\t\t\t\t<article class=\"elementor-post elementor-grid-item post-7681 post type-post status-publish format-standard has-post-thumbnail hentry category-sin-categorizar tag-aerothermal-energy tag-aerothermal-energy-consumption tag-aerothermal-energy-systems-in-malaga tag-efficient-climate-control tag-energy-efficiency tag-heat-pump tag-heating-and-cooling tag-residential-aerothermal-system\" role=\"listitem\">\n\t\t\t\t<a class=\"elementor-post__thumbnail__link\" href=\"https:\/\/uborasolar.com\/en\/what-is-aerothermal-energy-and-why-is-everyone-talking-about-it\/\" tabindex=\"-1\" >\n\t\t\t<div class=\"elementor-post__thumbnail\"><img decoding=\"async\" width=\"1024\" height=\"358\" src=\"https:\/\/uborasolar.com\/wp-content\/uploads\/2026\/02\/aerotermia-hogar-climatizacion-eficiente-1024x358.jpg\" class=\"attachment-large size-large wp-image-7643\" alt=\"Familia disfrutando del confort t\u00e9rmico en una vivienda climatizada con aerotermia en M\u00e1laga\" srcset=\"https:\/\/uborasolar.com\/wp-content\/uploads\/2026\/02\/aerotermia-hogar-climatizacion-eficiente-1024x358.jpg 1024w, https:\/\/uborasolar.com\/wp-content\/uploads\/2026\/02\/aerotermia-hogar-climatizacion-eficiente-300x105.jpg 300w, https:\/\/uborasolar.com\/wp-content\/uploads\/2026\/02\/aerotermia-hogar-climatizacion-eficiente-768x269.jpg 768w, https:\/\/uborasolar.com\/wp-content\/uploads\/2026\/02\/aerotermia-hogar-climatizacion-eficiente.jpg 1500w\" sizes=\"(max-width: 1024px) 100vw, 1024px\" \/><\/div>\n\t\t<\/a>\n\t\t\t\t<div class=\"elementor-post__text\">\n\t\t\t\t<h3 class=\"elementor-post__title\">\n\t\t\t<a href=\"https:\/\/uborasolar.com\/en\/what-is-aerothermal-energy-and-why-is-everyone-talking-about-it\/\" >\n\t\t\t\tWhat Is Aerothermal Energy and Why Is Everyone Talking About It?\t\t\t<\/a>\n\t\t<\/h3>\n\t\t\t\t<div class=\"elementor-post__meta-data\">\n\t\t\t\t\t<span class=\"elementor-post-date\">\n\t\t\t6 de February de 2026\t\t<\/span>\n\t\t\t\t<\/div>\n\t\t\t\t<div class=\"elementor-post__excerpt\">\n\t\t\t<p>If you\u2019re reading this article, you\u2019re probably looking for information about air source heat pumps in M\u00e1laga and wondering whether they\u2019re really a good option for your home. That\u2019s completely normal. Aerothermal energy systems have become one of the most<\/p>\n\t\t<\/div>\n\t\t\n\t\t<a class=\"elementor-post__read-more\" href=\"https:\/\/uborasolar.com\/en\/what-is-aerothermal-energy-and-why-is-everyone-talking-about-it\/\" aria-label=\"Read more about What Is Aerothermal Energy and Why Is Everyone Talking About It?\" tabindex=\"-1\" >\n\t\t\tRead more \u00bb\t\t<\/a>\n\n\t\t\t\t<\/div>\n\t\t\t\t<\/article>\n\t\t\t\t<article class=\"elementor-post elementor-grid-item post-7495 post type-post status-publish format-standard has-post-thumbnail hentry category-sin-categorizar\" role=\"listitem\">\n\t\t\t\t<a class=\"elementor-post__thumbnail__link\" href=\"https:\/\/uborasolar.com\/en\/how-the-electricity-market-works-in-spain-and-why-electricity-prices-change\/\" tabindex=\"-1\" >\n\t\t\t<div class=\"elementor-post__thumbnail\"><img loading=\"lazy\" decoding=\"async\" width=\"1024\" height=\"358\" src=\"https:\/\/uborasolar.com\/wp-content\/uploads\/2026\/01\/mercado-electrico-espana-renovables-precio-luz-1024x358.jpg\" class=\"attachment-large size-large wp-image-7490\" alt=\"Parque de energ\u00edas renovables en Espa\u00f1a que representa c\u00f3mo funciona el mercado el\u00e9ctrico y la formaci\u00f3n del precio de la luz\" srcset=\"https:\/\/uborasolar.com\/wp-content\/uploads\/2026\/01\/mercado-electrico-espana-renovables-precio-luz-1024x358.jpg 1024w, https:\/\/uborasolar.com\/wp-content\/uploads\/2026\/01\/mercado-electrico-espana-renovables-precio-luz-300x105.jpg 300w, https:\/\/uborasolar.com\/wp-content\/uploads\/2026\/01\/mercado-electrico-espana-renovables-precio-luz-768x269.jpg 768w, https:\/\/uborasolar.com\/wp-content\/uploads\/2026\/01\/mercado-electrico-espana-renovables-precio-luz.jpg 1500w\" sizes=\"(max-width: 1024px) 100vw, 1024px\" \/><\/div>\n\t\t<\/a>\n\t\t\t\t<div class=\"elementor-post__text\">\n\t\t\t\t<h3 class=\"elementor-post__title\">\n\t\t\t<a href=\"https:\/\/uborasolar.com\/en\/how-the-electricity-market-works-in-spain-and-why-electricity-prices-change\/\" >\n\t\t\t\tHow the Electricity Market Works in Spain and Why Electricity Prices Change\t\t\t<\/a>\n\t\t<\/h3>\n\t\t\t\t<div class=\"elementor-post__meta-data\">\n\t\t\t\t\t<span class=\"elementor-post-date\">\n\t\t\t15 de January de 2026\t\t<\/span>\n\t\t\t\t<\/div>\n\t\t\t\t<div class=\"elementor-post__excerpt\">\n\t\t\t<p>Understanding how the electricity market works in Spain is key to understanding why electricity prices can rise even on days with plenty of sun or wind. For many consumers, this situation seems illogical: if cheap renewable energy is being generated,<\/p>\n\t\t<\/div>\n\t\t\n\t\t<a class=\"elementor-post__read-more\" href=\"https:\/\/uborasolar.com\/en\/how-the-electricity-market-works-in-spain-and-why-electricity-prices-change\/\" aria-label=\"Read more about How the Electricity Market Works in Spain and Why Electricity Prices Change\" tabindex=\"-1\" >\n\t\t\tRead more \u00bb\t\t<\/a>\n\n\t\t\t\t<\/div>\n\t\t\t\t<\/article>\n\t\t\t\t<article class=\"elementor-post elementor-grid-item post-7341 post type-post status-publish format-standard has-post-thumbnail hentry category-sin-categorizar tag-irpf-solar-panel-tax-deduction tag-solar-panel-installation tag-solar-panel-tax-savings tag-solar-self-consumption-2025 tag-solar-tax-benefits\" role=\"listitem\">\n\t\t\t\t<a class=\"elementor-post__thumbnail__link\" href=\"https:\/\/uborasolar.com\/en\/take-advantage-of-the-irpf-tax-deduction-for-installing-solar-panels-before-december-31-2025\/\" tabindex=\"-1\" >\n\t\t\t<div class=\"elementor-post__thumbnail\"><img loading=\"lazy\" decoding=\"async\" width=\"1024\" height=\"358\" src=\"https:\/\/uborasolar.com\/wp-content\/uploads\/2025\/11\/deduccion-irpf-placas-solares-2025-ubora-solar-1024x358.jpg\" class=\"attachment-large size-large wp-image-7337\" alt=\"Instalaci\u00f3n de paneles solares en vivienda con deducci\u00f3n IRPF hasta 2025 \u2013 Ubora\" srcset=\"https:\/\/uborasolar.com\/wp-content\/uploads\/2025\/11\/deduccion-irpf-placas-solares-2025-ubora-solar-1024x358.jpg 1024w, https:\/\/uborasolar.com\/wp-content\/uploads\/2025\/11\/deduccion-irpf-placas-solares-2025-ubora-solar-300x105.jpg 300w, https:\/\/uborasolar.com\/wp-content\/uploads\/2025\/11\/deduccion-irpf-placas-solares-2025-ubora-solar-768x269.jpg 768w, https:\/\/uborasolar.com\/wp-content\/uploads\/2025\/11\/deduccion-irpf-placas-solares-2025-ubora-solar.jpg 1500w\" sizes=\"(max-width: 1024px) 100vw, 1024px\" \/><\/div>\n\t\t<\/a>\n\t\t\t\t<div class=\"elementor-post__text\">\n\t\t\t\t<h3 class=\"elementor-post__title\">\n\t\t\t<a href=\"https:\/\/uborasolar.com\/en\/take-advantage-of-the-irpf-tax-deduction-for-installing-solar-panels-before-december-31-2025\/\" >\n\t\t\t\tTake Advantage of the IRPF Tax Deduction for Installing Solar Panels Before December 31, 2025\t\t\t<\/a>\n\t\t<\/h3>\n\t\t\t\t<div class=\"elementor-post__meta-data\">\n\t\t\t\t\t<span class=\"elementor-post-date\">\n\t\t\t12 de November de 2025\t\t<\/span>\n\t\t\t\t<\/div>\n\t\t\t\t<div class=\"elementor-post__excerpt\">\n\t\t\t<p>The IRPF solar panel tax deduction is one of the best opportunities to save on your photovoltaic installation and pay less on your next income tax return. However, time is running out: you can only apply this incentive if your<\/p>\n\t\t<\/div>\n\t\t\n\t\t<a class=\"elementor-post__read-more\" href=\"https:\/\/uborasolar.com\/en\/take-advantage-of-the-irpf-tax-deduction-for-installing-solar-panels-before-december-31-2025\/\" aria-label=\"Read more about Take Advantage of the IRPF Tax Deduction for Installing Solar Panels Before December 31, 2025\" tabindex=\"-1\" >\n\t\t\tRead more \u00bb\t\t<\/a>\n\n\t\t\t\t<\/div>\n\t\t\t\t<\/article>\n\t\t\t\t<article class=\"elementor-post elementor-grid-item post-7120 post type-post status-publish format-standard has-post-thumbnail hentry category-sin-categorizar tag-contracted-power tag-energy-management tag-energy-savings tag-industrial-batteries tag-industrial-electricity-bill tag-industrial-self-consumption tag-reactive-power tag-tariff-optimization tag-ubora-solar-en\" role=\"listitem\">\n\t\t\t\t<a class=\"elementor-post__thumbnail__link\" href=\"https:\/\/uborasolar.com\/en\/how-to-decode-your-industrial-electricity-bill-4-key-strategies-to-reduce-your-energy-costs-by-up-to-30\/\" tabindex=\"-1\" >\n\t\t\t<div class=\"elementor-post__thumbnail\"><img loading=\"lazy\" decoding=\"async\" width=\"1024\" height=\"358\" src=\"https:\/\/uborasolar.com\/wp-content\/uploads\/2025\/10\/factura-electrica-industrial-portada-blog-1024x358.jpg\" class=\"attachment-large size-large wp-image-7111\" alt=\"Imagen de portada de un art\u00edculo sobre la factura el\u00e9ctrica industrial, con una nave industrial equipada con placas solares y una factura energ\u00e9tica superpuesta, que representa el an\u00e1lisis y la reducci\u00f3n de costes el\u00e9ctricos en empresas.\" srcset=\"https:\/\/uborasolar.com\/wp-content\/uploads\/2025\/10\/factura-electrica-industrial-portada-blog-1024x358.jpg 1024w, https:\/\/uborasolar.com\/wp-content\/uploads\/2025\/10\/factura-electrica-industrial-portada-blog-300x105.jpg 300w, https:\/\/uborasolar.com\/wp-content\/uploads\/2025\/10\/factura-electrica-industrial-portada-blog-768x269.jpg 768w, https:\/\/uborasolar.com\/wp-content\/uploads\/2025\/10\/factura-electrica-industrial-portada-blog.jpg 1500w\" sizes=\"(max-width: 1024px) 100vw, 1024px\" \/><\/div>\n\t\t<\/a>\n\t\t\t\t<div class=\"elementor-post__text\">\n\t\t\t\t<h3 class=\"elementor-post__title\">\n\t\t\t<a href=\"https:\/\/uborasolar.com\/en\/how-to-decode-your-industrial-electricity-bill-4-key-strategies-to-reduce-your-energy-costs-by-up-to-30\/\" >\n\t\t\t\tHow to Decode Your Industrial Electricity Bill: 4 Key Strategies to Reduce Your Energy Costs by Up to 30%\t\t\t<\/a>\n\t\t<\/h3>\n\t\t\t\t<div class=\"elementor-post__meta-data\">\n\t\t\t\t\t<span class=\"elementor-post-date\">\n\t\t\t20 de October de 2025\t\t<\/span>\n\t\t\t\t<\/div>\n\t\t\t\t<div class=\"elementor-post__excerpt\">\n\t\t\t<p>Efficient management of the industrial electricity bill is a strategic tool for the competitiveness of any company in the industrial sector. Although many companies focus solely on the total amount to be paid, the true energy cost lies hidden in<\/p>\n\t\t<\/div>\n\t\t\n\t\t<a class=\"elementor-post__read-more\" href=\"https:\/\/uborasolar.com\/en\/how-to-decode-your-industrial-electricity-bill-4-key-strategies-to-reduce-your-energy-costs-by-up-to-30\/\" aria-label=\"Read more about How to Decode Your Industrial Electricity Bill: 4 Key Strategies to Reduce Your Energy Costs by Up to 30%\" tabindex=\"-1\" >\n\t\t\tRead more \u00bb\t\t<\/a>\n\n\t\t\t\t<\/div>\n\t\t\t\t<\/article>\n\t\t\t\t<\/div>\n\t\t\t\t\t<span class=\"e-load-more-spinner\">\n\t\t\t\t<svg aria-hidden=\"true\" class=\"e-font-icon-svg e-fas-spinner\" viewBox=\"0 0 512 512\" xmlns=\"http:\/\/www.w3.org\/2000\/svg\"><path d=\"M304 48c0 26.51-21.49 48-48 48s-48-21.49-48-48 21.49-48 48-48 48 21.49 48 48zm-48 368c-26.51 0-48 21.49-48 48s21.49 48 48 48 48-21.49 48-48-21.49-48-48-48zm208-208c-26.51 0-48 21.49-48 48s21.49 48 48 48 48-21.49 48-48-21.49-48-48-48zM96 256c0-26.51-21.49-48-48-48S0 229.49 0 256s21.49 48 48 48 48-21.49 48-48zm12.922 99.078c-26.51 0-48 21.49-48 48s21.49 48 48 48 48-21.49 48-48c0-26.509-21.491-48-48-48zm294.156 0c-26.51 0-48 21.49-48 48s21.49 48 48 48 48-21.49 48-48c0-26.509-21.49-48-48-48zM108.922 60.922c-26.51 0-48 21.49-48 48s21.49 48 48 48 48-21.49 48-48-21.491-48-48-48z\"><\/path><\/svg>\t\t\t<\/span>\n\t\t\n\t\t\t\t<div class=\"e-load-more-anchor\" data-page=\"1\" data-max-page=\"5\" data-next-page=\"https:\/\/uborasolar.com\/en\/wp-json\/wp\/v2\/pages\/4515\/page\/2\/\"><\/div>\n\t\t\t\t<div class=\"e-load-more-message\"><\/div>\n\t\t\t\t\t\t<\/div>\n\t\t\t\t<\/div>\n\t\t\t\t\t<\/div>\n\t\t\t\t<\/div>\n\t\t\t\t<\/div>\n\t\t","protected":false},"excerpt":{"rendered":"<p>Blog<\/p>\n","protected":false},"author":1,"featured_media":0,"parent":0,"menu_order":0,"comment_status":"closed","ping_status":"closed","template":"elementor_header_footer","meta":{"footnotes":""},"class_list":["post-4515","page","type-page","status-publish","hentry"],"_links":{"self":[{"href":"https:\/\/uborasolar.com\/en\/wp-json\/wp\/v2\/pages\/4515","targetHints":{"allow":["GET"]}}],"collection":[{"href":"https:\/\/uborasolar.com\/en\/wp-json\/wp\/v2\/pages"}],"about":[{"href":"https:\/\/uborasolar.com\/en\/wp-json\/wp\/v2\/types\/page"}],"author":[{"embeddable":true,"href":"https:\/\/uborasolar.com\/en\/wp-json\/wp\/v2\/users\/1"}],"replies":[{"embeddable":true,"href":"https:\/\/uborasolar.com\/en\/wp-json\/wp\/v2\/comments?post=4515"}],"version-history":[{"count":0,"href":"https:\/\/uborasolar.com\/en\/wp-json\/wp\/v2\/pages\/4515\/revisions"}],"wp:attachment":[{"href":"https:\/\/uborasolar.com\/en\/wp-json\/wp\/v2\/media?parent=4515"}],"curies":[{"name":"wp","href":"https:\/\/api.w.org\/{rel}","templated":true}]}}