{"id":5639,"date":"2025-07-08T17:37:36","date_gmt":"2025-07-08T15:37:36","guid":{"rendered":"https:\/\/uborasolar.com\/politica-de-privacidade\/"},"modified":"2025-07-14T19:42:51","modified_gmt":"2025-07-14T17:42:51","slug":"politica-de-privacidade","status":"publish","type":"page","link":"https:\/\/uborasolar.com\/pt\/politica-de-privacidade\/","title":{"rendered":"Pol\u00edtica de Privacidade"},"content":{"rendered":"\t\t<div data-elementor-type=\"wp-page\" data-elementor-id=\"5639\" class=\"elementor elementor-5639 elementor-5104\" data-elementor-post-type=\"page\">\n\t\t\t\t<div class=\"elementor-element elementor-element-098fa07 e-flex e-con-boxed e-con e-parent\" data-id=\"098fa07\" data-element_type=\"container\" data-e-type=\"container\">\n\t\t\t\t\t<div class=\"e-con-inner\">\n\t\t\t\t<div class=\"elementor-element elementor-element-a1061e7 elementor-widget elementor-widget-text-editor\" data-id=\"a1061e7\" data-element_type=\"widget\" data-e-type=\"widget\" data-widget_type=\"text-editor.default\">\n\t\t\t\t<div class=\"elementor-widget-container\">\n\t\t\t\t\t\t\t\t\t<h3>Pol\u00edtica de Privacidade<\/h3><div class=\"elementor-widget-container\"><p>Este texto legal fornece detalhes sobre como coletamos e processamos seus dados pessoais por meio do uso do nosso site https:\/\/uborasolar.com, incluindo quaisquer informa\u00e7\u00f5es que voc\u00ea possa nos fornecer por meio do site quando adquirir um servi\u00e7o ou enviar seus dados por meio do formul\u00e1rio fornecido para esse fim.<\/p><p>Ao nos fornecer seus dados, informamos que nossos servi\u00e7os n\u00e3o est\u00e3o dispon\u00edveis para aqueles que est\u00e3o legalmente proibidos de dar consentimento. Portanto, ao nos enviar os formul\u00e1rios, voc\u00ea garante que possui capacidade suficiente para dar consentimento.<\/p><p>A seguir, informamos sobre a pol\u00edtica de prote\u00e7\u00e3o de dados da <strong>Ubora Autoconsumo, SL.<\/strong><\/p><ol><li><h5><strong> Controlador de dados.<\/strong><\/h5><\/li><\/ol><p>Dados de contato do respons\u00e1vel:<\/p><p><strong>Ubora Autoconsumo, SL.<\/strong>, com CIF: B01606755 e sede social em: Edif\u00edcio Bic Euronova, Av. Juan L\u00f3pez de Pe\u00f1alver, 21, corredor direito, porta 4\u00aa direita, 29590 M\u00e1laga. e telefone: 683 300 529. Contamos com um Encarregado da Prote\u00e7\u00e3o de Dados, que poder\u00e1 contactar atrav\u00e9s do endere\u00e7o de correio eletr\u00f3nico: protecciondedatos@mshoteles.com   <\/p><p><strong>Ubora Autoconsumo, SL.<\/strong>, \u00e9 respons\u00e1vel pelos seus dados. (A seguir, &#8220;n\u00f3s&#8221; ou &#8220;nosso&#8221;). <\/p><ol start=\"2\"><li><h5><strong> Quais dados coletamos? <\/strong><\/h5><\/li><\/ol><p>O Regulamento Geral sobre a Prote\u00e7\u00e3o de Dados define <strong>dados pessoais<\/strong> como qualquer informa\u00e7\u00e3o relativa a uma pessoa singular identificada ou identific\u00e1vel, ou seja, qualquer informa\u00e7\u00e3o capaz de identificar uma pessoa. N\u00e3o se incluem dados anonimizados ou baseados em percentuais. <\/p><p>Todos os dados pessoais recolhidos diretamente do titular ser\u00e3o tratados de forma confidencial e incorporados nas correspondentes atividades de tratamento, propriedade da <strong>Ubora Autoconsumo, SL.<\/strong><\/p><p>Em nosso site, podemos processar certos tipos de dados pessoais, que podem incluir:<\/p><ul><li>Dados de identidade: nome e sobrenome.<\/li><li>Informa\u00e7\u00f5es de contato: e-mail e telefone.<\/li><\/ul><p>N\u00e3o coletamos nenhuma categoria especial de dados pessoais (como origem racial ou \u00e9tnica, opini\u00f5es pol\u00edticas, cren\u00e7as religiosas ou filos\u00f3ficas, filia\u00e7\u00e3o sindical, informa\u00e7\u00f5es de sa\u00fade, dados gen\u00e9ticos ou biom\u00e9tricos).<\/p><p>Se voc\u00ea for obrigado a coletar dados pessoais por lei ou pelos termos de um contrato entre n\u00f3s e se recusar a fornec\u00ea-los, talvez n\u00e3o consigamos executar o contrato ou fornecer o servi\u00e7o, e voc\u00ea dever\u00e1 nos notificar com anteced\u00eancia.<\/p><ol start=\"3\"><li><h5><strong> Como coletamos seus dados pessoais? <\/strong><\/h5><\/li><\/ol><p>Os meios que usamos para coletar dados pessoais s\u00e3o:<\/p><ul><li><strong>Atrav\u00e9s do formul\u00e1rio no nosso site, atrav\u00e9s do nosso e-mail de contacto, por telefone, ou por correio, quando:<\/strong><ul><li>Solicite informa\u00e7\u00f5es sobre nossos produtos ou servi\u00e7os<\/li><li>Reserve nossos servi\u00e7os<\/li><\/ul><\/li><\/ul><p><strong> <\/strong><\/p><p>Para garantir a qualidade do nosso portal, reservamo-nos o <strong>direito de rejeitar qualquer solicita\u00e7\u00e3o de registro<\/strong> ou de suspender ou cancelar um registro previamente aceito, caso consideremos que este n\u00e3o atende a estes requisitos ou a qualquer outra lei ou regulamento. Se isso ocorrer, tentaremos explicar os motivos da nossa decis\u00e3o, mas n\u00e3o podemos nos comprometer a faz\u00ea-lo em todos os casos. <\/p><ul><li><strong>Por meio de tecnologia ou intera\u00e7\u00f5es automatizadas:<\/strong> Em nosso site, podemos coletar automaticamente dados t\u00e9cnicos sobre seu dispositivo, a\u00e7\u00f5es de navega\u00e7\u00e3o e padr\u00f5es de uso. Esses dados s\u00e3o coletados por meio de cookies ou tecnologias semelhantes. Para mais informa\u00e7\u00f5es, consulte nossa pol\u00edtica de cookies <a href=\"https:\/\/uborasolar.com\/politica-cookies\/\">aqui.<\/a>  <\/li><li><strong>Atrav\u00e9s de terceiros:<\/strong><ul><li><strong>Google:<\/strong> Dados do Analytics ou dados de pesquisa. Fora da Uni\u00e3o Europeia. <\/li><\/ul><\/li><\/ul><p><strong> <\/strong><\/p><ol start=\"4\"><li><h5><strong> Finalidade e legitimidade da utiliza\u00e7\u00e3o dos seus dados. <\/strong><\/h5><\/li><\/ol><p>Os usos mais comuns dos seus dados pessoais s\u00e3o:<\/p><ul><li>Para formalizar um contrato entre a <strong>Ubora Autoconsumo, SL<\/strong>. e voc\u00ea.<\/li><li>Quando voc\u00ea d\u00e1 seu consentimento para o processamento dos seus dados.<\/li><li>Quando precisamos deles para cumprir uma obriga\u00e7\u00e3o legal ou regulat\u00f3ria.<\/li><li>Quando necess\u00e1rio para nosso interesse leg\u00edtimo ou de terceiros.<\/li><\/ul><p>O Usu\u00e1rio poder\u00e1 revogar o consentimento prestado a qualquer momento, enviando um e-mail para protecciondedatos@mshoteles.com ou consultando a se\u00e7\u00e3o sobre exerc\u00edcio de direitos abaixo.<\/p><p>Abaixo, anexamos uma tabela mostrando as formas como utilizaremos seus dados pessoais e a base legal para tal utiliza\u00e7\u00e3o. Voc\u00ea tamb\u00e9m pode descobrir que tipo de dados pessoais processaremos. Podemos processar alguns dados pessoais por motivos legais adicionais. Portanto, se precisar de mais informa\u00e7\u00f5es, envie um e-mail para protecciondedatos@mshoteles.com. <\/p><table width=\"670\"><tbody><tr><td width=\"118\"><strong>Forma<\/strong><\/td><td width=\"165\"><strong>Prop\u00f3sito<\/strong><\/td><td width=\"238\"><strong>Tipo de dados<\/strong><\/td><td width=\"150\"><strong>Legitimidade para seu tratamento<\/strong><\/td><\/tr><tr><td width=\"118\">Mais informa\u00e7\u00f5es<\/td><td width=\"165\">A finalidade \u00e9 a gest\u00e3o dos contactos e pedidos de informa\u00e7\u00e3o recebidos atrav\u00e9s da web<\/td><td width=\"238\"><p>&#8211; Nome<\/p><p>\u2013 Sobrenomes<\/p><p>\u2013 E-mail<\/p><p>&#8211; Telefone<\/p><\/td><td width=\"150\"><p>Consentimento do titular dos dados (art. 6.1.a GDPR)<\/p><p>Medidas pr\u00e9-contratuais (art. 6.1.b RGPD)<\/p><p>O processamento \u00e9 necess\u00e1rio para os fins dos interesses leg\u00edtimos prosseguidos pelo controlador (Art. 6.1f GDPR)<\/p><\/td><\/tr><\/tbody><\/table><p><strong> <\/strong><\/p><p><strong>Comunica\u00e7\u00f5es comerciais:<\/strong> Voc\u00ea s\u00f3 receber\u00e1 comunica\u00e7\u00f5es se<\/p><ul><li>Voc\u00ea solicitou informa\u00e7\u00f5es nossas ou contratou um produto ou servi\u00e7o conosco.<\/li><li>Se voc\u00ea nos forneceu suas informa\u00e7\u00f5es, marque a caixa fornecida em nosso formul\u00e1rio.<\/li><li>Desde que voc\u00ea n\u00e3o tenha expressado seu desejo de parar de receber tais comunica\u00e7\u00f5es.<\/li><\/ul><p>Obtemos o seu consentimento expresso antes de lhe enviar qualquer comunica\u00e7\u00e3o e pode solicitar a qualquer momento que paremos de lhe enviar comunica\u00e7\u00f5es, enviando um e-mail para protecciondedatos@mshoteles.com<\/p><p>Quando voc\u00ea opta por n\u00e3o receber nossas comunica\u00e7\u00f5es, seus dados pessoais continuar\u00e3o armazenados em decorr\u00eancia do contrato que voc\u00ea firmou para cumprir com requisitos legais.<\/p><p><strong>Finalidade:<\/strong> Utilizaremos seus dados apenas para os fins para os quais os coletamos, a menos que consideremos razoavelmente que precisamos us\u00e1-los para outro prop\u00f3sito. Notificaremos voc\u00ea com anteced\u00eancia para que voc\u00ea tenha conhecimento da base legal para o processamento, desde que a finalidade seja compat\u00edvel com a finalidade original.<\/p><ol start=\"5\"><li><h5><strong> Por quanto tempo guardamos nossos dados?<\/strong><\/h5><\/li><\/ol><p>Os dados ser\u00e3o retidos pelo tempo necess\u00e1rio para cumprir a finalidade para a qual foram coletados e para determinar quaisquer potenciais responsabilidades que possam surgir da referida finalidade e do processamento dos dados. As disposi\u00e7\u00f5es dos diversos regulamentos relativos aos per\u00edodos de reten\u00e7\u00e3o ser\u00e3o aplic\u00e1veis na medida em que se apliquem a este processamento. <\/p><p><strong>Dados do assinante de e-mail ou formul\u00e1rio:<\/strong> Desde o momento em que o usu\u00e1rio se inscreve at\u00e9 o momento em que ele cancela a assinatura.<\/p><ol start=\"6\"><li><h5><strong> Menores.<\/strong><\/h5><\/li><\/ol><p><strong>Ubora Autoconsumo, SL. <\/strong>A Ubora Autoconsumo, SL n\u00e3o autoriza menores de 14 anos a fornecerem seus dados pessoais pelos meios disponibilizados neste site (preenchendo formul\u00e1rios de solicita\u00e7\u00e3o de servi\u00e7o, formul\u00e1rios de contato ou enviando e-mails). Portanto, qualquer pessoa que forne\u00e7a dados pessoais por esses meios declara formalmente ser maior de 14 anos. A <strong>Ubora Autoconsumo, SL<\/strong> se isenta de qualquer responsabilidade pelo descumprimento deste requisito. <\/p><p>Se seu filho, que \u00e9 menor de idade, forneceu informa\u00e7\u00f5es pessoais \u00e0 <strong>Ubora Autoconsumo, SL<\/strong>., entre em contato conosco para que possamos exercer seus direitos aplic\u00e1veis.<\/p><p>Nos casos em que os servi\u00e7os oferecidos pela <strong>Ubora Autoconsumo, SL<\/strong>. sejam destinados a menores de 14 anos, ser\u00e3o disponibilizados os meios para obter a autoriza\u00e7\u00e3o dos pais ou tutores legais do menor.<\/p><ol start=\"7\"><li><h5><strong> Exerc\u00edcio dos Direitos de Prote\u00e7\u00e3o de Dados:<\/strong><\/h5><\/li><\/ol><p><strong>Como exercer estes direitos?<\/strong> Os utilizadores podem enviar uma comunica\u00e7\u00e3o para a sede social da <strong>Ubora Autoconsumo, SL<\/strong>. ou enviar um e-mail para protecciondedatos@mshoteles.com, incluindo uma fotoc\u00f3pia do seu documento de identifica\u00e7\u00e3o ou documento similar em ambos os casos, para solicitar o exerc\u00edcio dos seguintes direitos:<\/p><ul><li><strong><u>Acesso<\/u><\/strong> aos seus dados pessoais: Voc\u00ea pode perguntar \u00e0 <strong>Ubora Autoconsumo, SL<\/strong>. se ela est\u00e1 usando seus dados pessoais.<\/li><li>Para solicitar<strong><u> retifica\u00e7\u00e3o<\/u><\/strong> caso estejam incorretos, ou para exercer o <strong><u>direito de ser esquecido<\/u><\/strong> em rela\u00e7\u00e3o a eles.<\/li><li>Para solicitar a <strong><u>limita\u00e7\u00e3o do tratamento<\/u><\/strong>, neste caso, ser\u00e3o conservados apenas pela <strong>Ubora Autoconsumo, SL.<\/strong> para o exerc\u00edcio ou defesa de reclama\u00e7\u00f5es<\/li><li>Para se <strong><u>opor<\/u><\/strong> ao processamento: A <strong>Ubora Autoconsumo, SL<\/strong> continuar\u00e1 processando seus dados da maneira que voc\u00ea indicar, a menos que exija processamento adicional por motivos leg\u00edtimos ou para exercer ou defender poss\u00edveis reivindica\u00e7\u00f5es.<\/li><li><strong><u>Portabilidade<\/u><\/strong> dos dados: Se desejar que os seus dados sejam tratados por outra empresa, a <strong>Ubora Autoconsumo, SL<\/strong>. facilitar\u00e1 a portabilidade dos seus dados ao novo respons\u00e1vel pelo tratamento.<\/li><\/ul><p>Voc\u00ea pode utilizar os formul\u00e1rios disponibilizados pela Ag\u00eancia Espanhola de Prote\u00e7\u00e3o de Dados para exercer seus direitos acima: <a href=\"https:\/\/www.aepd.es\/reglamento\/derechos\/index.html\" target=\"_blank\" rel=\"noopener\">Aqui<\/a> <\/p><p>Apresentar uma reclama\u00e7\u00e3o ao DPO: Se voc\u00ea acredita que h\u00e1 um problema com a forma como a <strong>Ubora Autoconsumo, SL<\/strong>. est\u00e1 processando seus dados, voc\u00ea pode primeiro direcionar suas reclama\u00e7\u00f5es ao Encarregado da Prote\u00e7\u00e3o de Dados, que mediar\u00e1 para resolver adequadamente a disputa:<\/p><ul><li>Email do DPO: <a href=\"mailto:protecciondedatos@mshoteles.com\">protecciondedatos@mshoteles.com<\/a><\/li><li>Endere\u00e7o: Rua Los Nidos, n\u00ba 23 29620 Torremolinos M\u00e1laga.<\/li><\/ul><p>Caso a disputa n\u00e3o possa ser resolvida, voc\u00ea sempre pode entrar em contato com a autoridade supervisora apropriada. Na Espanha, a autoridade competente \u00e9 a <a href=\"https:\/\/sedeagpd.gob.es\/sede-electronica-web\/vistas\/formNuevaReclamacion\/solicitudReclamacion.jsf%3Bjsessionid=5085E2038B4210818633610065963C3E\" target=\"_blank\" rel=\"noopener\">Ag\u00eancia Espanhola de Prote\u00e7\u00e3o de Dados.<\/a><\/p><p>Solicitaremos informa\u00e7\u00f5es espec\u00edficas para nos ajudar a confirmar sua identidade e garantir seu direito de acessar seus dados pessoais (ou exercer qualquer um dos outros direitos mencionados acima). Esta \u00e9 uma medida de seguran\u00e7a para garantir que dados pessoais n\u00e3o sejam divulgados a ningu\u00e9m que n\u00e3o tenha direito a receb\u00ea-los. <\/p><p>Processaremos todas as solicita\u00e7\u00f5es dentro do prazo legal de um m\u00eas. No entanto, o prazo poder\u00e1 ser maior se a sua solicita\u00e7\u00e3o for particularmente complexa. Nesse caso, notificaremos voc\u00ea e o manteremos informado.  <\/p><ol start=\"8\"><li><h5><strong> Comunica\u00e7\u00e3o de dados: presta\u00e7\u00e3o de servi\u00e7os.<\/strong><\/h5><\/li><\/ol><p>No decorrer do nosso trabalho, poderemos necessitar da assist\u00eancia de terceiros. Estes tratar\u00e3o os seus dados exclusivamente para a presta\u00e7\u00e3o do servi\u00e7o contratado, e junto dos quais dispomos das medidas adequadas para garantir os seus direitos:<\/p><ul><li>Provedores de servi\u00e7os que fornecem servi\u00e7os de administra\u00e7\u00e3o de sistemas e tecnologia da informa\u00e7\u00e3o.<\/li><li>Consultores profissionais, incluindo advogados, auditores e seguradoras que fornecem servi\u00e7os de consultoria banc\u00e1ria, jur\u00eddica, de seguros e cont\u00e1beis<\/li><\/ul><p>Todos os processadores de dados para os quais transferimos seus dados respeitar\u00e3o a seguran\u00e7a dos seus dados pessoais e os processar\u00e3o de acordo com o GDPR.<\/p><p>Permitimos que esses processadores processem seus dados apenas para finalidades espec\u00edficas e de acordo com nossas instru\u00e7\u00f5es. No entanto, para garantir a transpar\u00eancia, voc\u00ea pode solicitar uma lista dessas empresas que nos prestam servi\u00e7os enviando um e-mail para: protecciondedatos@mshoteles.com <\/p><ol start=\"9\"><li><h5><strong>Seguran\u00e7a de dados.<\/strong><\/h5><\/li><\/ol><p>Implementamos medidas de seguran\u00e7a adequadas para evitar que seus dados pessoais sejam perdidos acidentalmente, usados ou acessados n\u00e3o autorizados, alterados ou divulgados. Al\u00e9m disso, limitamos o acesso aos seus dados pessoais aos funcion\u00e1rios, agentes, contratados e outros terceiros que tenham necessidade comercial de conhec\u00ea-los. Eles processar\u00e3o seus dados pessoais somente mediante nossas instru\u00e7\u00f5es e est\u00e3o sujeitos ao dever de confidencialidade.   <\/p><p>Implementamos procedimentos para lidar com qualquer suspeita de viola\u00e7\u00e3o de dados pessoais e notificaremos voc\u00ea e a Autoridade Supervisora em caso de viola\u00e7\u00e3o de seguran\u00e7a, conforme regulamentado pelos Artigos 33 e 34 do GDPR.<\/p><\/div>\t\t\t\t\t\t\t\t<\/div>\n\t\t\t\t<\/div>\n\t\t\t\t\t<\/div>\n\t\t\t\t<\/div>\n\t\t\t\t<\/div>\n\t\t","protected":false},"excerpt":{"rendered":"<p>Pol\u00edtica de Privacidade Este texto legal fornece detalhes sobre como coletamos e processamos seus dados pessoais por meio do uso do nosso site https:\/\/uborasolar.com, incluindo quaisquer informa\u00e7\u00f5es que voc\u00ea possa nos fornecer por meio do site quando adquirir um servi\u00e7o ou enviar seus dados por meio do formul\u00e1rio fornecido para esse fim. Ao nos fornecer &#8230; <a title=\"Pol\u00edtica de Privacidade\" class=\"read-more\" href=\"https:\/\/uborasolar.com\/pt\/politica-de-privacidade\/\" aria-label=\"Read more about Pol\u00edtica de Privacidade\">Read more<\/a><\/p>\n","protected":false},"author":1,"featured_media":0,"parent":0,"menu_order":0,"comment_status":"closed","ping_status":"closed","template":"","meta":{"footnotes":""},"class_list":["post-5639","page","type-page","status-publish"],"_links":{"self":[{"href":"https:\/\/uborasolar.com\/pt\/wp-json\/wp\/v2\/pages\/5639","targetHints":{"allow":["GET"]}}],"collection":[{"href":"https:\/\/uborasolar.com\/pt\/wp-json\/wp\/v2\/pages"}],"about":[{"href":"https:\/\/uborasolar.com\/pt\/wp-json\/wp\/v2\/types\/page"}],"author":[{"embeddable":true,"href":"https:\/\/uborasolar.com\/pt\/wp-json\/wp\/v2\/users\/1"}],"replies":[{"embeddable":true,"href":"https:\/\/uborasolar.com\/pt\/wp-json\/wp\/v2\/comments?post=5639"}],"version-history":[{"count":1,"href":"https:\/\/uborasolar.com\/pt\/wp-json\/wp\/v2\/pages\/5639\/revisions"}],"predecessor-version":[{"id":5640,"href":"https:\/\/uborasolar.com\/pt\/wp-json\/wp\/v2\/pages\/5639\/revisions\/5640"}],"wp:attachment":[{"href":"https:\/\/uborasolar.com\/pt\/wp-json\/wp\/v2\/media?parent=5639"}],"curies":[{"name":"wp","href":"https:\/\/api.w.org\/{rel}","templated":true}]}}